{"id":5462,"date":"2022-12-16T17:45:58","date_gmt":"2022-12-16T16:45:58","guid":{"rendered":"http:\/\/paris-f.com\/?page_id=5462"},"modified":"2025-05-19T10:42:08","modified_gmt":"2025-05-19T08:42:08","slug":"tarifs-et-aides","status":"publish","type":"page","link":"https:\/\/paris-f.com\/zh\/tarifs-et-aides\/","title":{"rendered":"\u4ef7\u683c\u548c\u63f4\u52a9"},"content":{"rendered":"<div data-elementor-type=\"wp-page\" data-elementor-id=\"5462\" class=\"elementor elementor-5462\">\n\t\t\t\t\t\t<section class=\"elementor-section elementor-top-section elementor-element elementor-element-1857a40a elementor-section-boxed elementor-section-height-default elementor-section-height-default\" data-id=\"1857a40a\" data-element_type=\"section\" data-e-type=\"section\" data-settings=\"{&quot;background_background&quot;:&quot;classic&quot;}\">\n\t\t\t\t\t\t\t<div class=\"elementor-background-overlay\"><\/div>\n\t\t\t\t\t\t\t<div class=\"elementor-container elementor-column-gap-default\">\n\t\t\t\t\t<div class=\"elementor-column elementor-col-100 elementor-top-column elementor-element elementor-element-44d7f42\" data-id=\"44d7f42\" data-element_type=\"column\" data-e-type=\"column\">\n\t\t\t<div class=\"elementor-widget-wrap elementor-element-populated\">\n\t\t\t\t\t\t<section class=\"elementor-section elementor-inner-section elementor-element elementor-element-40aaf8fc elementor-section-boxed elementor-section-height-default elementor-section-height-default\" data-id=\"40aaf8fc\" data-element_type=\"section\" data-e-type=\"section\">\n\t\t\t\t\t\t<div class=\"elementor-container elementor-column-gap-default\">\n\t\t\t\t\t<div class=\"elementor-column elementor-col-50 elementor-inner-column elementor-element elementor-element-341c31a7\" data-id=\"341c31a7\" data-element_type=\"column\" data-e-type=\"column\">\n\t\t\t<div class=\"elementor-widget-wrap elementor-element-populated\">\n\t\t\t\t\t\t<div class=\"elementor-element elementor-element-1c51320c elementor-widget-divider--view-line elementor-widget elementor-widget-divider\" data-id=\"1c51320c\" data-element_type=\"widget\" data-e-type=\"widget\" data-widget_type=\"divider.default\">\n\t\t\t\t<div class=\"elementor-widget-container\">\n\t\t\t\t\t\t\t<div class=\"elementor-divider\">\n\t\t\t<span class=\"elementor-divider-separator\">\n\t\t\t\t\t\t<\/span>\n\t\t<\/div>\n\t\t\t\t\t\t<\/div>\n\t\t\t\t<\/div>\n\t\t\t\t\t<\/div>\n\t\t<\/div>\n\t\t\t\t<div class=\"elementor-column elementor-col-50 elementor-inner-column elementor-element elementor-element-66eab6f3\" data-id=\"66eab6f3\" data-element_type=\"column\" data-e-type=\"column\">\n\t\t\t<div class=\"elementor-widget-wrap elementor-element-populated\">\n\t\t\t\t\t\t<div class=\"elementor-element elementor-element-7015a274 elementor-widget elementor-widget-heading\" data-id=\"7015a274\" data-element_type=\"widget\" data-e-type=\"widget\" data-widget_type=\"heading.default\">\n\t\t\t\t<div class=\"elementor-widget-container\">\n\t\t\t\t\t<span class=\"elementor-heading-title elementor-size-default\">\u53d1\u73b0<\/span>\t\t\t\t<\/div>\n\t\t\t\t<\/div>\n\t\t\t\t\t<\/div>\n\t\t<\/div>\n\t\t\t\t\t<\/div>\n\t\t<\/section>\n\t\t\t\t<div class=\"elementor-element elementor-element-2ae3fc8e elementor-widget elementor-widget-heading\" data-id=\"2ae3fc8e\" data-element_type=\"widget\" data-e-type=\"widget\" data-widget_type=\"heading.default\">\n\t\t\t\t<div class=\"elementor-widget-container\">\n\t\t\t\t\t<h1 class=\"elementor-heading-title elementor-size-default\">\u4ef7\u683c\u548c\u63f4\u52a9<\/h1>\t\t\t\t<\/div>\n\t\t\t\t<\/div>\n\t\t\t\t\t<\/div>\n\t\t<\/div>\n\t\t\t\t\t<\/div>\n\t\t<\/section>\n\t\t\t\t<section class=\"elementor-section elementor-top-section elementor-element elementor-element-439394f elementor-section-boxed elementor-section-height-default elementor-section-height-default\" data-id=\"439394f\" data-element_type=\"section\" data-e-type=\"section\">\n\t\t\t\t\t\t<div class=\"elementor-container elementor-column-gap-default\">\n\t\t\t\t\t<div class=\"elementor-column elementor-col-100 elementor-top-column elementor-element elementor-element-e61bee3\" data-id=\"e61bee3\" data-element_type=\"column\" data-e-type=\"column\">\n\t\t\t<div class=\"elementor-widget-wrap elementor-element-populated\">\n\t\t\t\t\t\t<div class=\"elementor-element elementor-element-7e4cf48 elementor-widget elementor-widget-text-editor\" data-id=\"7e4cf48\" data-element_type=\"widget\" data-e-type=\"widget\" data-widget_type=\"text-editor.default\">\n\t\t\t\t<div class=\"elementor-widget-container\">\n\t\t\t\t\t\t\t\t\t<p>2023-2024 \u8d5b\u5b63\u7684\u62a5\u540d\u73b0\u5df2\u5f00\u653e\u3002\u8981\u6ce8\u518c\uff0c\u8bf7\u8f6c\u5230\u6ce8\u518c\u9875\u9762\u3002<br \/>\u60a8\u53ef\u4ee5\u5728\u4e0b\u9762\u627e\u5230\u4ef7\u683c\u548c\u53ef\u7528\u7684\u5e2e\u52a9\u3002<br \/>\u5982\u9700\u4ece\u5e74\u5ea6\u6350\u6b3e\u4e2d\u6263\u9664\u63f4\u52a9\u91d1\uff0c\u8bf7\u4f7f\u7528\u7eb8\u8d28\u8868\u683c\u8fdb\u884c\u767b\u8bb0\u3002<\/p><p>\u5e74\u5ea6\u4f1a\u5458\u8d39\u7528\u5305\u62ec 30 \u6b27\u5143\u7684\u4f1a\u5458\u8d39\u3001\u8fd0\u8425\u8d39\u7528\u3001\u65b0\u4f1a\u5458 50 \u6b27\u5143\u7684\u4e2a\u6027\u5316\u670d\u88c5\u3001\u4e0a\u4e00\u8d5b\u5b63\u6388\u6743\u7ed9\u53e6\u4e00\u5bb6\u5177\u4e50\u90e8\u7684\u4f1a\u5458\u8f6c\u4f1a\u8d39\u3002<\/p>\t\t\t\t\t\t\t\t<\/div>\n\t\t\t\t<\/div>\n\t\t\t\t\t<\/div>\n\t\t<\/div>\n\t\t\t\t\t<\/div>\n\t\t<\/section>\n\t\t\t\t<section class=\"elementor-section elementor-top-section elementor-element elementor-element-f7e778e elementor-section-boxed elementor-section-height-default elementor-section-height-default\" data-id=\"f7e778e\" data-element_type=\"section\" data-e-type=\"section\">\n\t\t\t\t\t\t<div class=\"elementor-container elementor-column-gap-default\">\n\t\t\t\t\t<div class=\"elementor-column elementor-col-100 elementor-top-column elementor-element elementor-element-8a6baa9\" data-id=\"8a6baa9\" data-element_type=\"column\" data-e-type=\"column\">\n\t\t\t<div class=\"elementor-widget-wrap elementor-element-populated\">\n\t\t\t\t\t\t<div class=\"elementor-element elementor-element-0bf90c0 elementor-widget elementor-widget-heading\" data-id=\"0bf90c0\" data-element_type=\"widget\" data-e-type=\"widget\" data-widget_type=\"heading.default\">\n\t\t\t\t<div class=\"elementor-widget-container\">\n\t\t\t\t\t<h2 class=\"elementor-heading-title elementor-size-default\">\u4ed8\u6b3e\u65b9\u5f0f<\/h2>\t\t\t\t<\/div>\n\t\t\t\t<\/div>\n\t\t\t\t<section class=\"elementor-section elementor-inner-section elementor-element elementor-element-58a7749 elementor-section-boxed elementor-section-height-default elementor-section-height-default\" data-id=\"58a7749\" data-element_type=\"section\" data-e-type=\"section\">\n\t\t\t\t\t\t<div class=\"elementor-container elementor-column-gap-default\">\n\t\t\t\t\t<div class=\"elementor-column elementor-col-33 elementor-inner-column elementor-element elementor-element-f1135d6\" data-id=\"f1135d6\" data-element_type=\"column\" data-e-type=\"column\">\n\t\t\t<div class=\"elementor-widget-wrap elementor-element-populated\">\n\t\t\t\t\t\t<div class=\"elementor-element elementor-element-08afd78 elementor-view-default elementor-position-block-start elementor-mobile-position-block-start elementor-widget elementor-widget-icon-box\" data-id=\"08afd78\" data-element_type=\"widget\" data-e-type=\"widget\" data-widget_type=\"icon-box.default\">\n\t\t\t\t<div class=\"elementor-widget-container\">\n\t\t\t\t\t\t\t<div class=\"elementor-icon-box-wrapper\">\n\n\t\t\t\t\t\t<div class=\"elementor-icon-box-icon\">\n\t\t\t\t<span  class=\"elementor-icon\">\n\t\t\t\t<i aria-hidden=\"true\" class=\"fas fa-file-signature\"><\/i>\t\t\t\t<\/span>\n\t\t\t<\/div>\n\t\t\t\n\t\t\t\t\t\t<div class=\"elementor-icon-box-content\">\n\n\t\t\t\t\t\t\t\t\t<h3 class=\"elementor-icon-box-title\">\n\t\t\t\t\t\t<span  >\n\t\t\t\t\t\t\t\u94f6\u884c\u652f\u7968\t\t\t\t\t\t<\/span>\n\t\t\t\t\t<\/h3>\n\t\t\t\t\n\t\t\t\t\t\t\t\t\t<p class=\"elementor-icon-box-description\">\n\t\t\t\t\t\t\u4e0b\u8f7d\u4f1a\u5458\u8868\u683c\t\t\t\t\t<\/p>\n\t\t\t\t\n\t\t\t<\/div>\n\t\t\t\n\t\t<\/div>\n\t\t\t\t\t\t<\/div>\n\t\t\t\t<\/div>\n\t\t\t\t<div class=\"elementor-element elementor-element-b080fdc elementor-align-center elementor-widget elementor-widget-button\" data-id=\"b080fdc\" data-element_type=\"widget\" data-e-type=\"widget\" data-widget_type=\"button.default\">\n\t\t\t\t<div class=\"elementor-widget-container\">\n\t\t\t\t\t\t\t\t\t<div class=\"elementor-button-wrapper\">\n\t\t\t\t\t<a class=\"elementor-button elementor-button-link elementor-size-sm\" href=\"https:\/\/paris-f.com\/wp-content\/uploads\/2025\/05\/BULLETIN-ADHESION-2025-2026.pdf\">\n\t\t\t\t\t\t<span class=\"elementor-button-content-wrapper\">\n\t\t\t\t\t\t\t\t\t<span class=\"elementor-button-text\">\u4e0b\u8f7d<\/span>\n\t\t\t\t\t<\/span>\n\t\t\t\t\t<\/a>\n\t\t\t\t<\/div>\n\t\t\t\t\t\t\t\t<\/div>\n\t\t\t\t<\/div>\n\t\t\t\t\t<\/div>\n\t\t<\/div>\n\t\t\t\t<div class=\"elementor-column elementor-col-33 elementor-inner-column elementor-element elementor-element-ba0f281\" data-id=\"ba0f281\" data-element_type=\"column\" data-e-type=\"column\">\n\t\t\t<div class=\"elementor-widget-wrap elementor-element-populated\">\n\t\t\t\t\t\t<div class=\"elementor-element elementor-element-e3c65e3 elementor-view-default elementor-position-block-start elementor-mobile-position-block-start elementor-widget elementor-widget-icon-box\" data-id=\"e3c65e3\" data-element_type=\"widget\" data-e-type=\"widget\" data-widget_type=\"icon-box.default\">\n\t\t\t\t<div class=\"elementor-widget-container\">\n\t\t\t\t\t\t\t<div class=\"elementor-icon-box-wrapper\">\n\n\t\t\t\t\t\t<div class=\"elementor-icon-box-icon\">\n\t\t\t\t<span  class=\"elementor-icon\">\n\t\t\t\t<i aria-hidden=\"true\" class=\"far fa-credit-card\"><\/i>\t\t\t\t<\/span>\n\t\t\t<\/div>\n\t\t\t\n\t\t\t\t\t\t<div class=\"elementor-icon-box-content\">\n\n\t\t\t\t\t\t\t\t\t<h3 class=\"elementor-icon-box-title\">\n\t\t\t\t\t\t<span  >\n\t\t\t\t\t\t\t\u652f\u4ed8\t\t\t\t\t\t<\/span>\n\t\t\t\t\t<\/h3>\n\t\t\t\t\n\t\t\t\t\t\t\t\t\t<p class=\"elementor-icon-box-description\">\n\t\t\t\t\t\t\u4e0b\u8f7d\u4f1a\u5458\u8868\u683c\t\t\t\t\t<\/p>\n\t\t\t\t\n\t\t\t<\/div>\n\t\t\t\n\t\t<\/div>\n\t\t\t\t\t\t<\/div>\n\t\t\t\t<\/div>\n\t\t\t\t<div class=\"elementor-element elementor-element-764d7de elementor-align-center elementor-widget elementor-widget-button\" data-id=\"764d7de\" data-element_type=\"widget\" data-e-type=\"widget\" data-widget_type=\"button.default\">\n\t\t\t\t<div class=\"elementor-widget-container\">\n\t\t\t\t\t\t\t\t\t<div class=\"elementor-button-wrapper\">\n\t\t\t\t\t<a class=\"elementor-button elementor-button-link elementor-size-sm\" href=\"https:\/\/paris-f.com\/wp-content\/uploads\/2025\/05\/BULLETIN-ADHESION-2025-2026.pdf\">\n\t\t\t\t\t\t<span class=\"elementor-button-content-wrapper\">\n\t\t\t\t\t\t\t\t\t<span class=\"elementor-button-text\">\u4e0b\u8f7d<\/span>\n\t\t\t\t\t<\/span>\n\t\t\t\t\t<\/a>\n\t\t\t\t<\/div>\n\t\t\t\t\t\t\t\t<\/div>\n\t\t\t\t<\/div>\n\t\t\t\t\t<\/div>\n\t\t<\/div>\n\t\t\t\t<div class=\"elementor-column elementor-col-33 elementor-inner-column elementor-element elementor-element-be6ac4b\" data-id=\"be6ac4b\" data-element_type=\"column\" data-e-type=\"column\">\n\t\t\t<div class=\"elementor-widget-wrap elementor-element-populated\">\n\t\t\t\t\t\t<div class=\"elementor-element elementor-element-c89d887 elementor-view-default elementor-position-block-start elementor-mobile-position-block-start elementor-widget elementor-widget-icon-box\" data-id=\"c89d887\" data-element_type=\"widget\" data-e-type=\"widget\" data-widget_type=\"icon-box.default\">\n\t\t\t\t<div class=\"elementor-widget-container\">\n\t\t\t\t\t\t\t<div class=\"elementor-icon-box-wrapper\">\n\n\t\t\t\t\t\t<div class=\"elementor-icon-box-icon\">\n\t\t\t\t<span  class=\"elementor-icon\">\n\t\t\t\t<i aria-hidden=\"true\" class=\"fas fa-mouse-pointer\"><\/i>\t\t\t\t<\/span>\n\t\t\t<\/div>\n\t\t\t\n\t\t\t\t\t\t<div class=\"elementor-icon-box-content\">\n\n\t\t\t\t\t\t\t\t\t<h3 class=\"elementor-icon-box-title\">\n\t\t\t\t\t\t<span  >\n\t\t\t\t\t\t\t\u5728\u7ebf\u7684\t\t\t\t\t\t<\/span>\n\t\t\t\t\t<\/h3>\n\t\t\t\t\n\t\t\t\t\t\t\t\t\t<p class=\"elementor-icon-box-description\">\n\t\t\t\t\t\t\u524d\u5f80\u5728\u7ebf\u8868\u683c\t\t\t\t\t<\/p>\n\t\t\t\t\n\t\t\t<\/div>\n\t\t\t\n\t\t<\/div>\n\t\t\t\t\t\t<\/div>\n\t\t\t\t<\/div>\n\t\t\t\t<div class=\"elementor-element elementor-element-dcd1f44 elementor-align-center elementor-widget elementor-widget-button\" data-id=\"dcd1f44\" data-element_type=\"widget\" data-e-type=\"widget\" data-widget_type=\"button.default\">\n\t\t\t\t<div class=\"elementor-widget-container\">\n\t\t\t\t\t\t\t\t\t<div class=\"elementor-button-wrapper\">\n\t\t\t\t\t<a class=\"elementor-button elementor-button-link elementor-size-sm\" href=\"https:\/\/paris-f.com\/zh\/adhesion\/\">\n\t\t\t\t\t\t<span class=\"elementor-button-content-wrapper\">\n\t\t\t\t\t\t\t\t\t<span class=\"elementor-button-text\">\u5728\u7ebf\u8868\u683c<\/span>\n\t\t\t\t\t<\/span>\n\t\t\t\t\t<\/a>\n\t\t\t\t<\/div>\n\t\t\t\t\t\t\t\t<\/div>\n\t\t\t\t<\/div>\n\t\t\t\t\t<\/div>\n\t\t<\/div>\n\t\t\t\t\t<\/div>\n\t\t<\/section>\n\t\t\t\t\t<\/div>\n\t\t<\/div>\n\t\t\t\t\t<\/div>\n\t\t<\/section>\n\t\t\t\t<section class=\"elementor-section elementor-top-section elementor-element elementor-element-a4980bd elementor-section-boxed elementor-section-height-default elementor-section-height-default\" data-id=\"a4980bd\" data-element_type=\"section\" data-e-type=\"section\">\n\t\t\t\t\t\t<div class=\"elementor-container elementor-column-gap-default\">\n\t\t\t\t\t<div class=\"elementor-column elementor-col-100 elementor-top-column elementor-element elementor-element-330cd97\" data-id=\"330cd97\" data-element_type=\"column\" data-e-type=\"column\">\n\t\t\t<div class=\"elementor-widget-wrap elementor-element-populated\">\n\t\t\t\t\t\t<div class=\"elementor-element elementor-element-144ae41 elementor-widget elementor-widget-heading\" data-id=\"144ae41\" data-element_type=\"widget\" data-e-type=\"widget\" data-widget_type=\"heading.default\">\n\t\t\t\t<div class=\"elementor-widget-container\">\n\t\t\t\t\t<h2 class=\"elementor-heading-title elementor-size-default\">\u8d22\u653f\u63f4\u52a9<\/h2>\t\t\t\t<\/div>\n\t\t\t\t<\/div>\n\t\t\t\t<section class=\"elementor-section elementor-inner-section elementor-element elementor-element-51f153d elementor-section-boxed elementor-section-height-default elementor-section-height-default\" data-id=\"51f153d\" data-element_type=\"section\" data-e-type=\"section\">\n\t\t\t\t\t\t<div class=\"elementor-container elementor-column-gap-default\">\n\t\t\t\t\t<div class=\"elementor-column elementor-col-25 elementor-inner-column elementor-element elementor-element-d9ef573\" data-id=\"d9ef573\" data-element_type=\"column\" data-e-type=\"column\">\n\t\t\t<div class=\"elementor-widget-wrap elementor-element-populated\">\n\t\t\t\t\t\t<div class=\"elementor-element elementor-element-ee44ea6 elementor-widget elementor-widget-heading\" data-id=\"ee44ea6\" data-element_type=\"widget\" data-e-type=\"widget\" data-widget_type=\"heading.default\">\n\t\t\t\t<div class=\"elementor-widget-container\">\n\t\t\t\t\t<h3 class=\"elementor-heading-title elementor-size-default\">\u8fd0\u52a8\u901a\u884c\u8bc1<\/h3>\t\t\t\t<\/div>\n\t\t\t\t<\/div>\n\t\t\t\t<div class=\"elementor-element elementor-element-38c3c50 elementor-widget elementor-widget-text-editor\" data-id=\"38c3c50\" data-element_type=\"widget\" data-e-type=\"widget\" data-widget_type=\"text-editor.default\">\n\t\t\t\t<div class=\"elementor-widget-container\">\n\t\t\t\t\t\t\t\t\t<p>Le Pass\u2019Sport est une allocation de rentr\u00e9e sportive de 50 euros par enfant\/jeune adulte \u00e9ligible pour financer une partie de son inscription dans une structure sportive inscrite au dispositif.<\/p><p>\u8fd0\u52a8\u901a\u884c\u8bc1\u901a\u8fc7\u7535\u5b50\u90ae\u4ef6\u53d1\u9001\u7ed9\u53d7\u76ca\u4eba\u3002<\/p><p><strong>\u8981\u4ece\u5e74\u5ea6\u4f1a\u5458\u8d44\u683c\u4e2d\u6263\u9664\u8fd0\u52a8\u901a\u884c\u8bc1\u91d1\u989d\uff0c\u60a8\u5fc5\u987b\u5c06\u60a8\u7684\u8fd0\u52a8\u901a\u884c\u8bc1\u4ee3\u7801\u544a\u77e5\u4ff1\u4e50\u90e8\u3002<\/strong><\/p>\t\t\t\t\t\t\t\t<\/div>\n\t\t\t\t<\/div>\n\t\t\t\t\t<\/div>\n\t\t<\/div>\n\t\t\t\t<div class=\"elementor-column elementor-col-25 elementor-inner-column elementor-element elementor-element-9e07bb1\" data-id=\"9e07bb1\" data-element_type=\"column\" data-e-type=\"column\">\n\t\t\t<div class=\"elementor-widget-wrap elementor-element-populated\">\n\t\t\t\t\t\t<div class=\"elementor-element elementor-element-46ccebe elementor-widget elementor-widget-heading\" data-id=\"46ccebe\" data-element_type=\"widget\" data-e-type=\"widget\" data-widget_type=\"heading.default\">\n\t\t\t\t<div class=\"elementor-widget-container\">\n\t\t\t\t\t<h3 class=\"elementor-heading-title elementor-size-default\">CAF \u4f11\u95f2\u95e8\u7968<\/h3>\t\t\t\t<\/div>\n\t\t\t\t<\/div>\n\t\t\t\t<div class=\"elementor-element elementor-element-f230fe5 elementor-widget elementor-widget-text-editor\" data-id=\"f230fe5\" data-element_type=\"widget\" data-e-type=\"widget\" data-widget_type=\"text-editor.default\">\n\t\t\t\t<div class=\"elementor-widget-container\">\n\t\t\t\t\t\t\t\t\t<p>\u4e3a\u4e86\u80fd\u591f\u4ece\u8be5\u7cfb\u7edf\u4e2d\u53d7\u76ca\uff0c\u60a8\u5fc5\u987b\u662f CAF \u5bb6\u5ead\u53d7\u76ca\u4eba\u3002<\/p><p>\u8be5\u7cfb\u7edf\u6709\u5229\u4e8e 11 \u81f3 15 \u5c81\u7684\u513f\u7ae5\u3002\u5176\u91d1\u989d\u7531CAF\u6839\u636e\u60a8\u7684\u4e2a\u4eba\u60c5\u51b5\u81ea\u52a8\u8ba1\u7b97\u3002\u6bcf\u4e2a\u5b69\u5b50\u7684\u63f4\u52a9\u91d1\u989d\u6700\u9ad8\u53ef\u8fbe 220 \u6b27\u5143\u3002<\/p><p><strong>Depuis 2024, l&rsquo;aide est vers\u00e9e directement \u00e0 l&rsquo;allocataire. l&rsquo;aide ne peut \u00eatre d\u00e9duite directement du montant de la cotisation annuelle.<\/strong><\/p><p><strong>Pour demander le versement de cette aide, il faut faire remplir au club le formulaire qui vous a \u00e9t\u00e9 adress\u00e9 par la CAF, puis de le renvoyer \u00e0 votre organisme pour percevoir l&rsquo;aide.<\/strong><\/p>\t\t\t\t\t\t\t\t<\/div>\n\t\t\t\t<\/div>\n\t\t\t\t\t<\/div>\n\t\t<\/div>\n\t\t\t\t<div class=\"elementor-column elementor-col-25 elementor-inner-column elementor-element elementor-element-004c2fc\" data-id=\"004c2fc\" data-element_type=\"column\" data-e-type=\"column\">\n\t\t\t<div class=\"elementor-widget-wrap elementor-element-populated\">\n\t\t\t\t\t\t<div class=\"elementor-element elementor-element-fa4999d elementor-widget elementor-widget-heading\" data-id=\"fa4999d\" data-element_type=\"widget\" data-e-type=\"widget\" data-widget_type=\"heading.default\">\n\t\t\t\t<div class=\"elementor-widget-container\">\n\t\t\t\t\t<h3 class=\"elementor-heading-title elementor-size-default\">\u51cf\u5c11\u8fd0\u52a8<\/h3>\t\t\t\t<\/div>\n\t\t\t\t<\/div>\n\t\t\t\t<div class=\"elementor-element elementor-element-3aaa6d8 elementor-widget elementor-widget-text-editor\" data-id=\"3aaa6d8\" data-element_type=\"widget\" data-e-type=\"widget\" data-widget_type=\"text-editor.default\">\n\t\t\t\t<div class=\"elementor-widget-container\">\n\t\t\t\t\t\t\t\t\t<p>\u4ef7\u503c 50 \u6b27\u5143\u7684 R\u00e9duc&#039;Sport \u4f18\u60e0\u5238\u7531\u5df4\u9ece\u5965\u6797\u5339\u514b\u548c\u4f53\u80b2\u59d4\u5458\u4f1a\u8bbe\u7acb\uff0c\u65e8\u5728\u5bf9\u6297\u5e76\u51cf\u5c11\u4f53\u80b2\u953b\u70bc\u673a\u4f1a\u7684\u4e0d\u5e73\u7b49\u3002<\/p><p>\u8981\u4ece\u4e2d\u53d7\u76ca\uff0c\u60a8\u5fc5\u987b\u662f\u8fd4\u6821\u6d25\u8d34\u7684\u53d7\u76ca\u4eba\u6216\u6b8b\u75be\u513f\u7ae5\u5e76\u5c45\u4f4f\u5728\u5df4\u9ece\u3002\u5728\u6b64\u6ce8\u518c\u8be5\u8ba1\u5212\uff1a <a href=\"https:\/\/cdosparis.fr\/formulaire_reducsport.php\" target=\"_blank\" rel=\"nofollow noopener\">https:\/\/cdosparis.fr\/formulaire_reducsport.php<\/a><\/p><p><strong>\u8981\u4ece\u5e74\u5ea6\u4f1a\u5458\u8d44\u683c\u4e2d\u6263\u9664 R\u00e9duc&#039;Sport \u4f18\u60e0\u5238\u91d1\u989d\uff0c\u60a8\u5fc5\u987b\u5411\u4ff1\u4e50\u90e8\u63d0\u4ea4\u539f\u59cb\u6587\u4ef6\u3002<\/strong><\/p>\t\t\t\t\t\t\t\t<\/div>\n\t\t\t\t<\/div>\n\t\t\t\t\t<\/div>\n\t\t<\/div>\n\t\t\t\t<div class=\"elementor-column elementor-col-25 elementor-inner-column elementor-element elementor-element-f8f8b2c\" data-id=\"f8f8b2c\" data-element_type=\"column\" data-e-type=\"column\">\n\t\t\t<div class=\"elementor-widget-wrap elementor-element-populated\">\n\t\t\t\t\t\t<div class=\"elementor-element elementor-element-8c2d31a elementor-widget elementor-widget-heading\" data-id=\"8c2d31a\" data-element_type=\"widget\" data-e-type=\"widget\" data-widget_type=\"heading.default\">\n\t\t\t\t<div class=\"elementor-widget-container\">\n\t\t\t\t\t<h3 class=\"elementor-heading-title elementor-size-default\">ANCV \u8fd0\u52a8\u68c0\u67e5<\/h3>\t\t\t\t<\/div>\n\t\t\t\t<\/div>\n\t\t\t\t<div class=\"elementor-element elementor-element-eeceab3 elementor-widget elementor-widget-text-editor\" data-id=\"eeceab3\" data-element_type=\"widget\" data-e-type=\"widget\" data-widget_type=\"text-editor.default\">\n\t\t\t\t<div class=\"elementor-widget-container\">\n\t\t\t\t\t\t\t\t\t<p>Le Ch\u00e8que Sport ANCV se pr\u00e9sente sous la forme de coupons de 10, 15 et 20 \u20ac nominatives et s\u00e9curis\u00e9es. Vous pouvez les obtenir aupr\u00e8s de votre Comit\u00e9 d&rsquo;entreprise, Comit\u00e9 \u00e9conomique et social \/ COS-CAS \/ amicale du personnel ou de vos collectivit\u00e9s locales.<\/p><p><strong>Pour d\u00e9duire ce type de coupon de l\u2019adh\u00e9sion annuelle, il faut remettre les originaux de coupons au club. Il n&rsquo;y a pas de limite de montant, une adh\u00e9sion peut \u00eatre r\u00e9gl\u00e9e enti\u00e8rement en ch\u00e8que ANCV SPORT.<\/strong><\/p>\t\t\t\t\t\t\t\t<\/div>\n\t\t\t\t<\/div>\n\t\t\t\t\t<\/div>\n\t\t<\/div>\n\t\t\t\t\t<\/div>\n\t\t<\/section>\n\t\t\t\t\t<\/div>\n\t\t<\/div>\n\t\t\t\t\t<\/div>\n\t\t<\/section>\n\t\t\t\t<\/div>","protected":false},"excerpt":{"rendered":"<p>D\u00e9couvrez Tarifs et Aides Les inscriptions pour la saison 2023-2024 sont ouvertes. Pour vous inscrire, rendez-vous sur la page Inscriptions.Vous trouverez ci-dessous les tarifs et les aides disponibles.Pour que les aides soient d\u00e9duites de la cotisation annuelle, merci de proc\u00e9der \u00e0 l\u2019adh\u00e9sion en utilisant le bulletin papier. Le co\u00fbt de l\u2019adh\u00e9sion annuelle comprend un droit [&hellip;]<\/p>\n","protected":false},"author":1,"featured_media":0,"parent":0,"menu_order":0,"comment_status":"closed","ping_status":"closed","template":"","meta":{"site-sidebar-layout":"no-sidebar","site-content-layout":"page-builder","ast-site-content-layout":"default","site-content-style":"default","site-sidebar-style":"default","ast-global-header-display":"","ast-banner-title-visibility":"","ast-main-header-display":"","ast-hfb-above-header-display":"","ast-hfb-below-header-display":"","ast-hfb-mobile-header-display":"","site-post-title":"disabled","ast-breadcrumbs-content":null,"ast-featured-img":"disabled","footer-sml-layout":"","ast-disable-related-posts":"","theme-transparent-header-meta":"","adv-header-id-meta":null,"stick-header-meta":null,"header-above-stick-meta":null,"header-main-stick-meta":null,"header-below-stick-meta":null,"astra-migrate-meta-layouts":"default","ast-page-background-enabled":"default","ast-page-background-meta":{"desktop":{"background-color":"","background-image":"","background-repeat":"repeat","background-position":"center center","background-size":"auto","background-attachment":"scroll","background-type":"","background-media":"","overlay-type":"","overlay-color":"","overlay-opacity":"","overlay-gradient":""},"tablet":{"background-color":"","background-image":"","background-repeat":"repeat","background-position":"center center","background-size":"auto","background-attachment":"scroll","background-type":"","background-media":"","overlay-type":"","overlay-color":"","overlay-opacity":"","overlay-gradient":""},"mobile":{"background-color":"","background-image":"","background-repeat":"repeat","background-position":"center center","background-size":"auto","background-attachment":"scroll","background-type":"","background-media":"","overlay-type":"","overlay-color":"","overlay-opacity":"","overlay-gradient":""}},"ast-content-background-meta":{"desktop":{"background-color":"var(--ast-global-color-5)","background-image":"","background-repeat":"repeat","background-position":"center center","background-size":"auto","background-attachment":"scroll","background-type":"","background-media":"","overlay-type":"","overlay-color":"","overlay-opacity":"","overlay-gradient":""},"tablet":{"background-color":"var(--ast-global-color-5)","background-image":"","background-repeat":"repeat","background-position":"center center","background-size":"auto","background-attachment":"scroll","background-type":"","background-media":"","overlay-type":"","overlay-color":"","overlay-opacity":"","overlay-gradient":""},"mobile":{"background-color":"var(--ast-global-color-5)","background-image":"","background-repeat":"repeat","background-position":"center center","background-size":"auto","background-attachment":"scroll","background-type":"","background-media":"","overlay-type":"","overlay-color":"","overlay-opacity":"","overlay-gradient":""}},"footnotes":""},"class_list":["post-5462","page","type-page","status-publish","hentry"],"_links":{"self":[{"href":"https:\/\/paris-f.com\/zh\/wp-json\/wp\/v2\/pages\/5462","targetHints":{"allow":["GET"]}}],"collection":[{"href":"https:\/\/paris-f.com\/zh\/wp-json\/wp\/v2\/pages"}],"about":[{"href":"https:\/\/paris-f.com\/zh\/wp-json\/wp\/v2\/types\/page"}],"author":[{"embeddable":true,"href":"https:\/\/paris-f.com\/zh\/wp-json\/wp\/v2\/users\/1"}],"replies":[{"embeddable":true,"href":"https:\/\/paris-f.com\/zh\/wp-json\/wp\/v2\/comments?post=5462"}],"version-history":[{"count":33,"href":"https:\/\/paris-f.com\/zh\/wp-json\/wp\/v2\/pages\/5462\/revisions"}],"predecessor-version":[{"id":7655,"href":"https:\/\/paris-f.com\/zh\/wp-json\/wp\/v2\/pages\/5462\/revisions\/7655"}],"wp:attachment":[{"href":"https:\/\/paris-f.com\/zh\/wp-json\/wp\/v2\/media?parent=5462"}],"curies":[{"name":"wp","href":"https:\/\/api.w.org\/{rel}","templated":true}]}}