{"id":3930,"date":"2021-01-04T17:31:25","date_gmt":"2021-01-04T16:31:25","guid":{"rendered":"http:\/\/paris-f.com\/?page_id=3930"},"modified":"2023-03-30T12:00:25","modified_gmt":"2023-03-30T10:00:25","slug":"mentions-legales","status":"publish","type":"page","link":"https:\/\/paris-f.com\/zh\/mentions-legales\/","title":{"rendered":"\u6cd5\u5f8b\u58f0\u660e"},"content":{"rendered":"<p>\u6839\u636e 2004 \u5e74 6 \u6708 21 \u65e5\u5173\u4e8e\u6570\u5b57\u7ecf\u6d4e\u4fe1\u5fc3\u7684\u7b2c 2004-575 \u53f7\u6cd5\u5f8b\uff08\u79f0\u4e3a LCEN\uff09\u7b2c 6-III \u6761\u548c\u7b2c 19 \u6761\u7684\u89c4\u5b9a\uff0c\u6211\u4eec\u901a\u77e5\u7f51\u7ad9\u7684\u7528\u6237\u548c\u8bbf\u95ee\u8005\uff1aparis-f com\u3002\u4ee5\u4e0b\u4fe1\u606f\uff1a<\/p>\n\n\n\n<h2 class=\"wp-block-heading\">\u6cd5\u5f8b\u4fe1\u606f\uff1a<\/h2>\n\n\n\n<p>paris-f.com \u7f51\u7ad9\u662f\u4ee5\u4e0b\u516c\u53f8\u7684\u4e13\u6709\u8d22\u4ea7&nbsp;<strong>\u5df4\u9ece<\/strong>\uff0c\u8c01\u53d1\u5e03\u7684\u3002<\/p>\n\n\n\n<p>\u5df4\u9ece<br>1901 \u5e74\u534f\u4f1a\u6cd5<br>18 rue Ramus, MVAC20 \u2013 Box 83, \u5df4\u9ece 75020<br>\u4e00\u822c\u7a0e\u6cd5\u7b2c 200-1-b \u6761\u548c\u7b2c 238 \u6761\u4e4b\u4e8c-1-a \u6240\u6307\u7684\u4e00\u822c\u5229\u76ca\u7ec4\u7ec7\u3002<\/p>\n\n\n\n<p>\u7535\u5b50\u90ae\u4ef6\uff1a&nbsp;<strong>info@paris-f.com<\/strong><br>\u7535\u8bdd \uff1a&nbsp;<strong>+33 <\/strong>6 15 59 59 34<br>&nbsp;<br>\u51fa\u7248\u603b\u76d1\uff1aFLORENCE STIEVENART<br>\u8054\u7cfb\u51fa\u7248\u7ecf\u7406\uff1a&nbsp;<strong>info@paris-f.com<\/strong><\/p>\n\n\n\n<p>\u8be5\u7f51\u7ad9\u7531 OVH 2 rue Kellermann 59100 Roubaix \u6258\u7ba1<\/p>","protected":false},"excerpt":{"rendered":"<p>Conform\u00e9ment aux dispositions des articles 6-III et 19 de la Loi n\u00b0 2004-575 du 21 juin 2004 pour la Confiance dans l&rsquo;\u00e9conomie num\u00e9rique, dite L.C.E.N., nous portons \u00e0 la connaissance des utilisateurs et visiteurs du site : paris-f.com les informations suivantes : Informations l\u00e9gales : Le site&nbsp;paris-f.com&nbsp;est la propri\u00e9t\u00e9 exclusive de&nbsp;P.A.R.I.S, qui l\u2019\u00e9dite. P.A.R.I.SAssociation loi [&hellip;]<\/p>\n","protected":false},"author":1,"featured_media":0,"parent":0,"menu_order":0,"comment_status":"closed","ping_status":"closed","template":"","meta":{"site-sidebar-layout":"default","site-content-layout":"default","ast-site-content-layout":"default","site-content-style":"default","site-sidebar-style":"default","ast-global-header-display":"","ast-banner-title-visibility":"","ast-main-header-display":"","ast-hfb-above-header-display":"","ast-hfb-below-header-display":"","ast-hfb-mobile-header-display":"","site-post-title":"","ast-breadcrumbs-content":"","ast-featured-img":"","footer-sml-layout":"","ast-disable-related-posts":"","theme-transparent-header-meta":"default","adv-header-id-meta":"","stick-header-meta":"","header-above-stick-meta":"","header-main-stick-meta":"","header-below-stick-meta":"","astra-migrate-meta-layouts":"default","ast-page-background-enabled":"default","ast-page-background-meta":{"desktop":{"background-color":"","background-image":"","background-repeat":"repeat","background-position":"center center","background-size":"auto","background-attachment":"scroll","background-type":"","background-media":"","overlay-type":"","overlay-color":"","overlay-opacity":"","overlay-gradient":""},"tablet":{"background-color":"","background-image":"","background-repeat":"repeat","background-position":"center center","background-size":"auto","background-attachment":"scroll","background-type":"","background-media":"","overlay-type":"","overlay-color":"","overlay-opacity":"","overlay-gradient":""},"mobile":{"background-color":"","background-image":"","background-repeat":"repeat","background-position":"center center","background-size":"auto","background-attachment":"scroll","background-type":"","background-media":"","overlay-type":"","overlay-color":"","overlay-opacity":"","overlay-gradient":""}},"ast-content-background-meta":{"desktop":{"background-color":"var(--ast-global-color-5)","background-image":"","background-repeat":"repeat","background-position":"center center","background-size":"auto","background-attachment":"scroll","background-type":"","background-media":"","overlay-type":"","overlay-color":"","overlay-opacity":"","overlay-gradient":""},"tablet":{"background-color":"var(--ast-global-color-5)","background-image":"","background-repeat":"repeat","background-position":"center center","background-size":"auto","background-attachment":"scroll","background-type":"","background-media":"","overlay-type":"","overlay-color":"","overlay-opacity":"","overlay-gradient":""},"mobile":{"background-color":"var(--ast-global-color-5)","background-image":"","background-repeat":"repeat","background-position":"center center","background-size":"auto","background-attachment":"scroll","background-type":"","background-media":"","overlay-type":"","overlay-color":"","overlay-opacity":"","overlay-gradient":""}},"footnotes":""},"class_list":["post-3930","page","type-page","status-publish","hentry"],"_links":{"self":[{"href":"https:\/\/paris-f.com\/zh\/wp-json\/wp\/v2\/pages\/3930","targetHints":{"allow":["GET"]}}],"collection":[{"href":"https:\/\/paris-f.com\/zh\/wp-json\/wp\/v2\/pages"}],"about":[{"href":"https:\/\/paris-f.com\/zh\/wp-json\/wp\/v2\/types\/page"}],"author":[{"embeddable":true,"href":"https:\/\/paris-f.com\/zh\/wp-json\/wp\/v2\/users\/1"}],"replies":[{"embeddable":true,"href":"https:\/\/paris-f.com\/zh\/wp-json\/wp\/v2\/comments?post=3930"}],"version-history":[{"count":8,"href":"https:\/\/paris-f.com\/zh\/wp-json\/wp\/v2\/pages\/3930\/revisions"}],"predecessor-version":[{"id":6690,"href":"https:\/\/paris-f.com\/zh\/wp-json\/wp\/v2\/pages\/3930\/revisions\/6690"}],"wp:attachment":[{"href":"https:\/\/paris-f.com\/zh\/wp-json\/wp\/v2\/media?parent=3930"}],"curies":[{"name":"wp","href":"https:\/\/api.w.org\/{rel}","templated":true}]}}