{"id":3926,"date":"2021-01-04T17:30:19","date_gmt":"2021-01-04T16:30:19","guid":{"rendered":"http:\/\/paris-f.com\/?page_id=3926"},"modified":"2023-03-30T11:56:55","modified_gmt":"2023-03-30T09:56:55","slug":"politique-de-confidentialite","status":"publish","type":"page","link":"https:\/\/paris-f.com\/zh\/politique-de-confidentialite\/","title":{"rendered":"\u9690\u79c1\u653f\u7b56"},"content":{"rendered":"<p>\u7f51\u7ad9\uff1aparis-f.com<\/p>\n\n\n\n<h2 class=\"wp-block-heading\">\u672c\u9690\u79c1\u653f\u7b56\u7684\u76ee\u7684<\/h2>\n\n\n\n<p>\u672c\u9690\u79c1\u653f\u7b56\u7684\u76ee\u7684\u662f\u544a\u77e5\u6211\u4eec\u7f51\u7ad9\u7684\u7528\u6237\u6211\u4eec\u5c06\u6536\u96c6\u54ea\u4e9b\u4e2a\u4eba\u6570\u636e\u4ee5\u53ca\u4ee5\u4e0b\u4fe1\u606f\uff08\u5982\u679c\u9002\u7528\uff09\uff1a<\/p>\n\n\n\n<ul class=\"wp-block-list\">\n<li>\u6211\u4eec\u5c06\u6536\u96c6\u7684\u4e2a\u4eba\u6570\u636e<\/li>\n\n\n\n<li>\u6536\u96c6\u6570\u636e\u7684\u4f7f\u7528<\/li>\n\n\n\n<li>\u8c01\u6709\u6743\u8bbf\u95ee\u6240\u6536\u96c6\u7684\u6570\u636e<\/li>\n\n\n\n<li>\u7f51\u7ad9\u7528\u6237\u7684\u6743\u5229<\/li>\n\n\n\n<li>\u8be5\u7f51\u7ad9\u7684 cookie \u653f\u7b56<\/li>\n<\/ul>\n\n\n\n<p>\u672c\u9690\u79c1\u653f\u7b56\u4e0e\u6211\u4eec\u7f51\u7ad9\u7684\u4f7f\u7528\u6761\u6b3e\u548c\u6761\u4ef6\u4e00\u8d77\u5b9e\u65bd\u3002<\/p>\n\n\n\n<h2 class=\"wp-block-heading\">\u9002\u7528\u6cd5\u5f8b<\/h2>\n\n\n\n<p>\u6839\u636e\u300a\u901a\u7528\u6570\u636e\u4fdd\u62a4\u6761\u4f8b\u300b\uff08GDPR\uff09\uff0c\u672c\u9690\u79c1\u653f\u7b56\u7b26\u5408\u4ee5\u4e0b\u89c4\u5b9a\u3002<\/p>\n\n\n\n<p>\u4e2a\u4eba\u6570\u636e\u5fc5\u987b\u662f\uff1a<\/p>\n\n\n\n<ol class=\"wp-block-list\">\n<li>\u4ee5\u5408\u6cd5\u3001\u516c\u5e73\u548c\u900f\u660e\u7684\u65b9\u5f0f\u5bf9\u76f8\u5173\u4eba\u5458\u8fdb\u884c\u5904\u7406\uff08\u5408\u6cd5\u3001\u5fe0\u8bda\u3001\u900f\u660e\uff09\uff1b<\/li>\n\n\n\n<li>\u4e3a\u7279\u5b9a\u3001\u660e\u786e\u548c\u5408\u6cd5\u7684\u76ee\u7684\u800c\u6536\u96c6\uff0c\u5e76\u4e14\u968f\u540e\u4e0d\u4f1a\u4ee5\u4e0e\u8fd9\u4e9b\u76ee\u7684\u4e0d\u76f8\u7b26\u7684\u65b9\u5f0f\u8fdb\u884c\u5904\u7406\uff1b\u6839\u636e\u7b2c 89(1) \u6761\uff0c\u51fa\u4e8e\u516c\u5171\u5229\u76ca\u3001\u79d1\u5b66\u6216\u5386\u53f2\u7814\u7a76\u76ee\u7684\u6216\u7edf\u8ba1\u76ee\u7684\u800c\u8fdb\u884c\u7684\u8fdb\u4e00\u6b65\u5904\u7406\u4e0d\u88ab\u89c6\u4e3a\u4e0e\u539f\u59cb\u76ee\u7684\uff08\u9650\u5236\u76ee\u7684\uff09\u4e0d\u76f8\u5bb9\uff1b<\/li>\n\n\n\n<li>\u5145\u5206\u3001\u76f8\u5173\u5e76\u4ec5\u9650\u4e8e\u5904\u7406\u76ee\u7684\u6240\u9700\u7684\u5185\u5bb9\uff08\u6570\u636e\u6700\u5c0f\u5316\uff09\uff1b<\/li>\n\n\n\n<li>\u51c6\u786e\uff0c\u5e76\u5728\u5fc5\u8981\u65f6\u4fdd\u6301\u6700\u65b0\uff1b\u5fc5\u987b\u91c7\u53d6\u4e00\u5207\u5408\u7406\u63aa\u65bd\uff0c\u786e\u4fdd\u6beb\u4e0d\u62d6\u5ef6\u5730\u5220\u9664\u6216\u7ea0\u6b63\u4e0d\u51c6\u786e\u7684\u4e2a\u4eba\u6570\u636e\uff08\u8003\u8651\u5230\u5176\u5904\u7406\u76ee\u7684\uff09\uff08\u51c6\u786e\u6027\uff09\uff1b<\/li>\n\n\n\n<li>\u4ee5\u80fd\u591f\u8bc6\u522b\u76f8\u5173\u4eba\u5458\u8eab\u4efd\u7684\u5f62\u5f0f\u4fdd\u5b58\uff0c\u4fdd\u5b58\u671f\u9650\u4e0d\u8d85\u8fc7\u5904\u7406\u76ee\u7684\u6240\u9700\u7684\u671f\u9650\uff1b\u4e2a\u4eba\u6570\u636e\u53ef\u4ee5\u4fdd\u7559\u66f4\u957f\u7684\u65f6\u95f4\uff0c\u53ea\u8981\u8fd9\u4e9b\u6570\u636e\u5c06\u4e13\u95e8\u7528\u4e8e\u516c\u5171\u5229\u76ca\u7684\u6863\u6848\u76ee\u7684\u3001\u79d1\u5b66\u6216\u5386\u53f2\u7814\u7a76\u76ee\u7684\u6216\u6839\u636e\u7b2c 89 \u6761\u7b2c 1 \u6b3e\u7684\u7edf\u8ba1\u76ee\u7684\uff0c\u524d\u63d0\u662f\u9002\u5f53\u7684\u6280\u672f\u548c\u624b\u6bb5\u5b9e\u65bd\u6cd5\u89c4\u8981\u6c42\u7684\u7ec4\u7ec7\u63aa\u65bd\uff0c\u4ee5\u4fdd\u969c\u6570\u636e\u4e3b\u4f53\u7684\u6743\u5229\u548c\u81ea\u7531\uff08\u4fdd\u7559\u9650\u5236\uff09\uff1b<\/li>\n\n\n\n<li>\u4ee5\u786e\u4fdd\u4e2a\u4eba\u6570\u636e\u9002\u5f53\u5b89\u5168\u7684\u65b9\u5f0f\u8fdb\u884c\u5904\u7406\uff0c\u5305\u62ec\u4f7f\u7528\u9002\u5f53\u7684\u6280\u672f\u6216\u7ec4\u7ec7\u63aa\u65bd\uff08\u5b8c\u6574\u6027\u548c\u4fdd\u5bc6\u6027\uff09\u9632\u6b62\u672a\u7ecf\u6388\u6743\u6216\u975e\u6cd5\u5904\u7406\u4ee5\u53ca\u610f\u5916\u4e22\u5931\u3001\u7834\u574f\u6216\u635f\u574f\u3002<\/li>\n<\/ol>\n\n\n\n<p>\u4ec5\u5f53\u81f3\u5c11\u6ee1\u8db3\u4ee5\u4e0b\u6761\u4ef6\u4e4b\u4e00\u65f6\uff0c\u5904\u7406\u624d\u5408\u6cd5\uff1a<\/p>\n\n\n\n<ol class=\"wp-block-list\">\n<li>\u6570\u636e\u4e3b\u4f53\u5df2\u540c\u610f\u51fa\u4e8e\u4e00\u4e2a\u6216\u591a\u4e2a\u7279\u5b9a\u76ee\u7684\u5904\u7406\u5176\u4e2a\u4eba\u6570\u636e\uff1b<\/li>\n\n\n\n<li>\u8be5\u5904\u7406\u5bf9\u4e8e\u5c65\u884c\u6570\u636e\u4e3b\u4f53\u4f5c\u4e3a\u4e00\u65b9\u7684\u5408\u540c\u6216\u6267\u884c\u5e94\u6570\u636e\u4e3b\u4f53\u8bf7\u6c42\u800c\u91c7\u53d6\u7684\u5408\u540c\u524d\u63aa\u65bd\u662f\u5fc5\u8981\u7684\uff1b<\/li>\n\n\n\n<li>\u8be5\u5904\u7406\u5bf9\u4e8e\u9075\u5b88\u6570\u636e\u63a7\u5236\u8005\u6240\u627f\u62c5\u7684\u6cd5\u5f8b\u4e49\u52a1\u662f\u5fc5\u8981\u7684\uff1b<\/li>\n\n\n\n<li>\u8be5\u5904\u7406\u5bf9\u4e8e\u4fdd\u62a4\u6570\u636e\u4e3b\u4f53\u6216\u5176\u4ed6\u81ea\u7136\u4eba\u7684\u5207\u8eab\u5229\u76ca\u662f\u5fc5\u8981\u7684\uff1b<\/li>\n\n\n\n<li>\u8be5\u5904\u7406\u5bf9\u4e8e\u6267\u884c\u516c\u5171\u5229\u76ca\u4f7f\u547d\u6216\u4e0e\u884c\u4f7f\u63a7\u5236\u8005\u6240\u8d4b\u4e88\u7684\u516c\u5171\u6743\u529b\u6709\u5173\uff1b<\/li>\n\n\n\n<li>\u4e3a\u4e86\u63a7\u5236\u8005\u6216\u7b2c\u4e09\u65b9\u8ffd\u6c42\u7684\u5408\u6cd5\u5229\u76ca\uff0c\u5904\u7406\u662f\u5fc5\u8981\u7684\uff0c\u9664\u975e\u88ab\u9700\u8981\u4fdd\u62a4\u4e2a\u4eba\u6570\u636e\u7684\u6570\u636e\u4e3b\u4f53\u7684\u5229\u76ca\u6216\u57fa\u672c\u6743\u5229\u548c\u81ea\u7531\u6240\u53d6\u4ee3\uff0c\u7279\u522b\u662f\u5f53\u76f8\u5173\u4eba\u5458\u662f\u513f\u7ae5\u65f6\u3002<\/li>\n\n\n\n<li>\u5bf9\u4e8e\u52a0\u5229\u798f\u5c3c\u4e9a\u5dde\u5c45\u6c11\uff0c\u672c\u9690\u79c1\u653f\u7b56\u65e8\u5728\u9075\u5b88\u300a\u52a0\u5dde\u6d88\u8d39\u8005\u9690\u79c1\u6cd5\u300b(CCPA)\u3002\u5982\u679c\u672c\u6587\u4ef6\u4e0e CCPA \u4e4b\u95f4\u5b58\u5728\u4e0d\u4e00\u81f4\uff0c\u5219\u9002\u7528\u5dde\u6cd5\u5f8b\u3002\u5982\u679c\u6211\u4eec\u53d1\u73b0\u4efb\u4f55\u4e0d\u4e00\u81f4\u4e4b\u5904\uff0c\u6211\u4eec\u5c06\u66f4\u6539\u6211\u4eec\u7684\u653f\u7b56\u4ee5\u9075\u5b88\u76f8\u5173\u6cd5\u5f8b\u3002<\/li>\n<\/ol>\n\n\n\n<h2 class=\"wp-block-heading\">\u540c\u610f<\/h2>\n\n\n\n<p>\u7528\u6237\u540c\u610f\u901a\u8fc7\u4f7f\u7528\u6211\u4eec\u7684\u7f51\u7ad9\uff0c\u4ed6\u4eec\u540c\u610f\uff1a<\/p>\n\n\n\n<ol class=\"wp-block-list\">\n<li>\u672c\u9690\u79c1\u653f\u7b56\u4e2d\u89c4\u5b9a\u7684\u6761\u4ef6\u4ee5\u53ca<\/li>\n\n\n\n<li>\u672c\u653f\u7b56\u4e2d\u5217\u51fa\u7684\u6570\u636e\u7684\u6536\u96c6\u3001\u4f7f\u7528\u548c\u4fdd\u7559\u3002<\/li>\n<\/ol>\n\n\n\n<h2 class=\"wp-block-heading\">\u6211\u4eec\u6536\u96c6\u7684\u4e2a\u4eba\u6570\u636e<\/h2>\n\n\n\n<h3 class=\"wp-block-heading\">\u81ea\u52a8\u6536\u96c6\u6570\u636e<\/h3>\n\n\n\n<p>\u5f53\u60a8\u8bbf\u95ee\u548c\u4f7f\u7528\u6211\u4eec\u7684\u7f51\u7ad9\u65f6\uff0c\u6211\u4eec\u53ef\u80fd\u4f1a\u81ea\u52a8\u6536\u96c6\u5e76\u5b58\u50a8\u4ee5\u4e0b\u4fe1\u606f\uff1a<\/p>\n\n\n\n<ol class=\"wp-block-list\">\n<li>IP\u5730\u5740<\/li>\n\n\n\n<li>\u5730\u65b9<\/li>\n\n\n\n<li>\u786c\u4ef6\u548c\u8f6f\u4ef6\u8be6\u7ec6\u4fe1\u606f<\/li>\n\n\n\n<li>\u7528\u6237\u5728\u4f7f\u7528\u7f51\u7ad9\u65f6\u70b9\u51fb\u7684\u94fe\u63a5<\/li>\n\n\n\n<li>\u7528\u6237\u5728\u60a8\u7f51\u7ad9\u4e0a\u67e5\u770b\u7684\u5185\u5bb9<\/li>\n<\/ol>\n\n\n\n<h3 class=\"wp-block-heading\">\u975e\u81ea\u52a8\u6536\u96c6\u7684\u6570\u636e<\/h3>\n\n\n\n<p>\u5f53\u60a8\u5728\u6211\u4eec\u7684\u7f51\u7ad9\u4e0a\u6267\u884c\u67d0\u4e9b\u529f\u80fd\u65f6\uff0c\u6211\u4eec\u8fd8\u53ef\u80fd\u6536\u96c6\u4ee5\u4e0b\u6570\u636e\uff1a<\/p>\n\n\n\n<ol class=\"wp-block-list\">\n<li>\u540d\u5b57\u548c\u59d3\u6c0f<\/li>\n\n\n\n<li>\u5e74\u9f84<\/li>\n\n\n\n<li>\u51fa\u751f\u65e5\u671f<\/li>\n\n\n\n<li>\u6027\u522b<\/li>\n\n\n\n<li>\u7535\u5b50\u90ae\u4ef6<\/li>\n\n\n\n<li>\u7535\u8bdd\u53f7\u7801<\/li>\n\n\n\n<li>\u4f4f\u5b85<\/li>\n\n\n\n<li>\u4ed8\u6b3e\u4fe1\u606f<\/li>\n\n\n\n<li>\u81ea\u52a8\u586b\u5145\u6570\u636e<\/li>\n<\/ol>\n\n\n\n<p>\u8be5\u6570\u636e\u53ef\u4ee5\u4f7f\u7528\u4ee5\u4e0b\u65b9\u6cd5\u6536\u96c6\uff1a<\/p>\n\n\n\n<p>\u6ce8\u518c\u8d26\u6237<\/p>\n\n\n\n<p>\u652f\u4ed8<\/p>\n\n\n\n<p>\u586b\u5199\u8054\u7cfb\u8868\u683c<\/p>\n\n\n\n<p>\u8bf7\u6ce8\u610f\uff0c\u6211\u4eec\u4ec5\u6536\u96c6\u6709\u52a9\u4e8e\u6211\u4eec\u5b9e\u73b0\u672c\u9690\u79c1\u653f\u7b56\u4e2d\u89c4\u5b9a\u7684\u76ee\u7684\u7684\u6570\u636e\u3002\u5728\u672a\u4e8b\u5148\u901a\u77e5\u60a8\u7684\u60c5\u51b5\u4e0b\uff0c\u6211\u4eec\u4e0d\u4f1a\u6536\u96c6\u989d\u5916\u7684\u6570\u636e\u3002<\/p>\n\n\n\n<h2 class=\"wp-block-heading\">\u6211\u4eec\u5982\u4f55\u4f7f\u7528\u4e2a\u4eba\u6570\u636e<\/h2>\n\n\n\n<p>\u6211\u4eec\u7f51\u7ad9\u4e0a\u6536\u96c6\u7684\u4e2a\u4eba\u6570\u636e\u5c06\u4ec5\u7528\u4e8e\u672c\u653f\u7b56\u4e2d\u6307\u5b9a\u7684\u6216\u6211\u4eec\u7f51\u7ad9\u76f8\u5173\u9875\u9762\u4e0a\u6ce8\u660e\u7684\u76ee\u7684\u3002\u6211\u4eec\u4e0d\u4f1a\u8d85\u51fa\u6211\u4eec\u62ab\u9732\u7684\u8303\u56f4\u4f7f\u7528\u60a8\u7684\u6570\u636e\u3002<\/p>\n\n\n\n<p>\u6211\u4eec\u81ea\u52a8\u6536\u96c6\u7684\u6570\u636e\u7528\u4e8e\u4ee5\u4e0b\u76ee\u7684\uff1a<\/p>\n\n\n\n<ol class=\"wp-block-list\">\n<li>\u7edf\u8ba1\u6570\u636e<\/li>\n<\/ol>\n\n\n\n<p>\u6211\u4eec\u5728\u7528\u6237\u6267\u884c\u67d0\u4e9b\u529f\u80fd\u65f6\u6536\u96c6\u7684\u6570\u636e\u53ef\u80fd\u7528\u4e8e\u4ee5\u4e0b\u76ee\u7684 <\/p>\n\n\n\n<ol class=\"wp-block-list\">\n<li>\u6c9f\u901a<\/li>\n\n\n\n<li>\u8425\u9500<\/li>\n\n\n\n<li>\u8ba1\u8d39<\/li>\n\n\n\n<li>\u9001\u8d27<\/li>\n<\/ol>\n\n\n\n<h2 class=\"wp-block-heading\">\u6211\u4eec\u4e0e\u8c01\u5206\u4eab\u4e2a\u4eba\u6570\u636e<\/h2>\n\n\n\n<h3 class=\"wp-block-heading\">\u96c7\u5458<\/h3>\n\n\n\n<p>\u6211\u4eec\u53ef\u80fd\u4f1a\u5411\u6211\u4eec\u7ec4\u7ec7\u7684\u4efb\u4f55\u6210\u5458\u62ab\u9732\u4ed6\u4eec\u5408\u7406\u9700\u8981\u7684\u6b64\u7c7b\u7528\u6237\u6570\u636e\uff0c\u4ee5\u5b9e\u73b0\u672c\u653f\u7b56\u4e2d\u89c4\u5b9a\u7684\u76ee\u7684\u3002<\/p>\n\n\n\n<h3 class=\"wp-block-heading\">\u7b2c\u4e09\u65b9<\/h3>\n\n\n\n<p>\u6211\u4eec\u53ef\u80fd\u4e0e\u4ee5\u4e0b\u7b2c\u4e09\u65b9\u5171\u4eab\u7528\u6237\u6570\u636e\uff1a<\/p>\n\n\n\n<hr class=\"wp-block-separator has-css-opacity\"\/>\n\n\n\n<p>\u6211\u4eec\u53ef\u80fd\u51fa\u4e8e\u4ee5\u4e0b\u76ee\u7684\u4e0e\u7b2c\u4e09\u65b9\u5171\u4eab\u7528\u6237\u6570\u636e\uff1a<\/p>\n\n\n\n<hr class=\"wp-block-separator has-css-opacity\"\/>\n\n\n\n<p>\u7b2c\u4e09\u65b9\u5c06\u65e0\u6cd5\u8bbf\u95ee\u8d85\u51fa\u5b9e\u73b0\u7ed9\u5b9a\u76ee\u7684\u5408\u7406\u5fc5\u8981\u8303\u56f4\u7684\u7528\u6237\u6570\u636e\u3002<\/p>\n\n\n\n<h3 class=\"wp-block-heading\">\u5176\u4ed6\u62ab\u9732<\/h3>\n\n\n\n<p>\u6211\u4eec\u627f\u8bfa\u4e0d\u4f1a\u5411\u7b2c\u4e09\u65b9\u51fa\u552e\u6216\u5171\u4eab\u60a8\u7684\u6570\u636e\uff0c\u4f46\u4ee5\u4e0b\u60c5\u51b5\u9664\u5916 <\/p>\n\n\n\n<ol class=\"wp-block-list\">\n<li>\u5982\u679c\u6cd5\u5f8b\u8981\u6c42<\/li>\n\n\n\n<li>\u5982\u679c\u6709\u4efb\u4f55\u6cd5\u5f8b\u8bc9\u8bbc\u9700\u8981<\/li>\n\n\n\n<li>\u8bc1\u660e\u6216\u4fdd\u62a4\u6211\u4eec\u7684\u5408\u6cd5\u6743\u5229<\/li>\n\n\n\n<li>\u5982\u679c\u6211\u4eec\u5bfb\u6c42\u51fa\u552e\u8be5\u516c\u53f8\uff0c\u5219\u5411\u8be5\u516c\u53f8\u7684\u4e70\u5bb6\u6216\u6f5c\u5728\u4e70\u5bb6\u62ab\u9732<\/li>\n<\/ol>\n\n\n\n<p>\u5982\u679c\u60a8\u4ece\u6211\u4eec\u7684\u7f51\u7ad9\u901a\u8fc7\u8d85\u94fe\u63a5\u8bbf\u95ee\u53e6\u4e00\u4e2a\u7f51\u7ad9\uff0c\u8bf7\u6ce8\u610f\uff0c\u6211\u4eec\u5bf9\u5176\u9690\u79c1\u653f\u7b56\u548c\u505a\u6cd5\u4e0d\u627f\u62c5\u4efb\u4f55\u8d23\u4efb\uff0c\u4e5f\u65e0\u6cd5\u63a7\u5236\u3002<\/p>\n\n\n\n<h2 class=\"wp-block-heading\">\u6211\u4eec\u5b58\u50a8\u4e2a\u4eba\u6570\u636e\u591a\u957f\u65f6\u95f4<\/h2>\n\n\n\n<p>\u7528\u6237\u6570\u636e\u4fdd\u5b58\u671f\u9650\uff1a3\u5e74<\/p>\n\n\n\n<p>\u5982\u679c\u7528\u6237\u7684\u6570\u636e\u4fdd\u7559\u65f6\u95f4\u8d85\u8fc7\u6b64\u671f\u9650\uff0c\u6211\u4eec\u5c06\u786e\u4fdd\u901a\u77e5\u7528\u6237\u3002<\/p>\n\n\n\n<h2 class=\"wp-block-heading\">\u6211\u4eec\u5982\u4f55\u4fdd\u62a4\u60a8\u7684\u4e2a\u4eba\u6570\u636e<\/h2>\n\n\n\n<p>\u6211\u4eec\u7cfb\u7edf\u4e2d\u5b58\u50a8\u7684\u6240\u6709\u6570\u636e\u90fd\u53d7\u5230\u4e25\u683c\u4fdd\u62a4\uff0c\u53ea\u6709\u6211\u4eec\u7684\u5458\u5de5\u624d\u80fd\u8bbf\u95ee\u3002\u6211\u4eec\u7684\u5458\u5de5\u53d7\u5230\u4e25\u683c\u7684\u4fdd\u5bc6\u534f\u8bae\u7684\u7ea6\u675f\uff0c\u8fdd\u53cd\u6b64\u534f\u8bae\u5c06\u5bfc\u81f4\u5458\u5de5\u88ab\u89e3\u96c7\u3002<\/p>\n\n\n\n<p>\u867d\u7136\u6211\u4eec\u91c7\u53d6\u4e00\u5207\u5408\u7406\u7684\u9884\u9632\u63aa\u65bd\u6765\u786e\u4fdd\u6211\u4eec\u7684\u7528\u6237\u6570\u636e\u5b89\u5168\u5e76\u4fdd\u62a4\u7528\u6237\uff0c\u4f46\u4f24\u5bb3\u7684\u98ce\u9669\u59cb\u7ec8\u5b58\u5728\u3002\u6574\u4e2a\u4e92\u8054\u7f51\u6709\u65f6\u53ef\u80fd\u4e0d\u5b89\u5168\uff0c\u56e0\u6b64\u6211\u4eec\u65e0\u6cd5\u4fdd\u8bc1\u7528\u6237\u6570\u636e\u7684\u5b89\u5168\u6027\u8d85\u51fa\u5408\u7406\u53ef\u884c\u7684\u8303\u56f4\u3002<\/p>\n\n\n\n<h2 class=\"wp-block-heading\">\u672a\u6210\u5e74\u4eba<\/h2>\n\n\n\n<p>GDPR \u89c4\u5b9a\uff0c\u51fa\u4e8e\u6570\u636e\u6536\u96c6\u7684\u76ee\u7684\uff0c15 \u5c81\u4ee5\u4e0b\u7684\u4eba\u88ab\u89c6\u4e3a\u672a\u6210\u5e74\u4eba\u3002\u672a\u6210\u5e74\u4eba\u7684\u6570\u636e\u7684\u6536\u96c6\u3001\u5904\u7406\u548c\u4f7f\u7528\u5fc5\u987b\u5f81\u5f97\u6cd5\u5b9a\u4ee3\u7406\u4eba\u7684\u540c\u610f\u3002<\/p>\n\n\n\n<h2 class=\"wp-block-heading\">\u60a8\u4f5c\u4e3a\u7528\u6237\u7684\u6743\u5229<\/h2>\n\n\n\n<p>\u6839\u636e GDPR\uff0c\u7528\u6237\u4f5c\u4e3a\u6570\u636e\u4e3b\u4f53\u62e5\u6709\u4ee5\u4e0b\u6743\u5229\uff1a<\/p>\n\n\n\n<ol class=\"wp-block-list\">\n<li>\u8bbf\u95ee\u6743<\/li>\n\n\n\n<li>\u6574\u987f\u6743<\/li>\n\n\n\n<li>\u5220\u9664\u6743<\/li>\n\n\n\n<li>\u9650\u5236\u5904\u7406\u7684\u6743\u5229<\/li>\n\n\n\n<li>\u6570\u636e\u53ef\u79fb\u690d\u6743<\/li>\n\n\n\n<li>\u53cd\u5bf9\u6743<\/li>\n<\/ol>\n\n\n\n<p>\u60a8\u53ef\u4ee5\u5728 GDPR \u7b2c 3 \u7ae0\uff08\u7b2c 12-23 \u6761\uff09\u4e2d\u627e\u5230\u6709\u5173\u8fd9\u4e9b\u6743\u5229\u7684\u66f4\u591a\u4fe1\u606f\u3002<\/p>\n\n\n\n<h2 class=\"wp-block-heading\">\u5982\u4f55\u4fee\u6539\u3001\u5220\u9664\u6216\u8d28\u7591\u6240\u6536\u96c6\u7684\u6570\u636e<\/h2>\n\n\n\n<p>\u5982\u679c\u60a8\u5e0c\u671b\u5220\u9664\u6216\u4ee5\u5176\u4ed6\u65b9\u5f0f\u4fee\u6539\u60a8\u7684\u4fe1\u606f\uff0c\u8bf7\u5728\u6b64\u5904\u8054\u7cfb\u6211\u4eec\u7684\u9690\u79c1\u5b98\uff1a<\/p>\n\n\n\n<p>\u5f17\u6d1b\u4f26\u65af\u00b7\u65af\u8482\u6587\u7eb3\u7279<br>info@paris-f.com<\/p>\n\n\n\n<h2 class=\"wp-block-heading\">Cookie \u653f\u7b56<\/h2>\n\n\n\n<p>Cookie \u662f\u4e00\u4e2a\u5c0f\u6587\u4ef6\uff0c\u7531\u7f51\u7ad9\u5b58\u50a8\u5728\u7528\u6237\u7684\u786c\u76d8\u4e0a\u3002\u5176\u76ee\u7684\u662f\u6536\u96c6\u4e0e\u7528\u6237\u6d4f\u89c8\u4e60\u60ef\u76f8\u5173\u7684\u6570\u636e\u3002<\/p>\n\n\n\n<p>\u6211\u4eec\u5728\u7f51\u7ad9\u4e0a\u4f7f\u7528\u4ee5\u4e0b\u7c7b\u578b\u7684 cookie\uff1a<\/p>\n\n\n\n<h3 class=\"wp-block-heading\">\u529f\u80fd\u6027cookies<\/h3>\n\n\n\n<p>\u6211\u4eec\u4f7f\u7528\u5b83\u4eec\u6765\u8bb0\u4f4f\u60a8\u5728\u6211\u4eec\u7f51\u7ad9\u4e0a\u6240\u505a\u7684\u4efb\u4f55\u9009\u62e9\uff0c\u4ee5\u4fbf\u4fdd\u5b58\u4ee5\u4f9b\u5c06\u6765\u8bbf\u95ee\u3002<\/p>\n\n\n\n<h3 class=\"wp-block-heading\">\u5206\u6790cookies<\/h3>\n\n\n\n<p>\u8fd9\u4f7f\u6211\u4eec\u80fd\u591f\u901a\u8fc7\u6536\u96c6\u6709\u5173\u60a8\u5728\u4f7f\u7528\u6211\u4eec\u7f51\u7ad9\u65f6\u8bbf\u95ee\u548c\u53c2\u4e0e\u7684\u5185\u5bb9\u7684\u6570\u636e\u6765\u6539\u8fdb\u6211\u4eec\u7f51\u7ad9\u7684\u8bbe\u8ba1\u548c\u529f\u80fd\u3002<\/p>\n\n\n\n<h3 class=\"wp-block-heading\">\u5b9a\u4f4d cookie<\/h3>\n\n\n\n<p>\u8fd9\u4e9b cookie \u6536\u96c6\u6709\u5173\u60a8\u5982\u4f55\u4f7f\u7528\u7f51\u7ad9\u548c\u60a8\u7684\u504f\u597d\u7684\u6570\u636e\u3002\u8fd9\u4f7f\u6211\u4eec\u80fd\u591f\u4f7f\u60a8\u5728\u6211\u4eec\u7f51\u7ad9\u4e0a\u770b\u5230\u7684\u4fe1\u606f\u66f4\u5177\u4fc3\u9500\u6027\u548c\u9488\u5bf9\u60a8\u7684\u9488\u5bf9\u6027\u3002<\/p>\n\n\n\n<p>\u60a8\u53ef\u4ee5\u9009\u62e9\u5728\u6bcf\u6b21\u4f20\u8f93 cookie \u65f6\u6536\u5230\u901a\u77e5\u3002\u60a8\u8fd8\u53ef\u4ee5\u9009\u62e9\u5728\u4e92\u8054\u7f51\u6d4f\u89c8\u5668\u4e2d\u5b8c\u5168\u7981\u7528 cookie\uff0c\u4f46\u8fd9\u53ef\u80fd\u4f1a\u964d\u4f4e\u60a8\u7684\u7528\u6237\u4f53\u9a8c\u8d28\u91cf\u3002<\/p>\n\n\n\n<h2 class=\"wp-block-heading\">\u53d8\u5316<\/h2>\n\n\n\n<p>\u672c\u9690\u79c1\u653f\u7b56\u53ef\u80fd\u4f1a\u4e0d\u65f6\u4fee\u8ba2\uff0c\u4ee5\u4fdd\u6301\u9075\u5b88\u6cd5\u5f8b\u5e76\u53cd\u6620\u6211\u4eec\u6570\u636e\u6536\u96c6\u6d41\u7a0b\u7684\u4efb\u4f55\u53d8\u5316\u3002\u6211\u4eec\u5efa\u8bae\u7528\u6237\u4e0d\u65f6\u67e5\u770b\u6211\u4eec\u7684\u653f\u7b56\uff0c\u4ee5\u786e\u4fdd\u4ed6\u4eec\u4e86\u89e3\u4efb\u4f55\u66f4\u65b0\u3002\u5982\u6709\u5fc5\u8981\uff0c\u6211\u4eec\u53ef\u80fd\u4f1a\u901a\u8fc7\u7535\u5b50\u90ae\u4ef6\u901a\u77e5\u7528\u6237\u672c\u653f\u7b56\u7684\u53d8\u66f4\u3002<\/p>\n\n\n\n<h2 class=\"wp-block-heading\">\u63a5\u89e6<\/h2>\n\n\n\n<p>\u5982\u679c\u60a8\u5bf9\u6211\u4eec\u6709\u4efb\u4f55\u7591\u95ee\uff0c\u8bf7\u968f\u65f6\u901a\u8fc7\u4ee5\u4e0b\u65b9\u5f0f\u4e0e\u6211\u4eec\u8054\u7cfb\uff1a<br><br>\u901a\u8fc7\u7535\u5b50\u90ae\u4ef6\uff1ainfo@paris-f.com<br>\u586b\u5199\u8054\u7cfb\u8868\u683c\uff1a <a href=\"https:\/\/paris-f.com\/zh\/contact\/\" data-type=\"URL\" data-id=\"https:\/\/scintillement.com\/contact\/\">https:\/\/paris-f.com\/contact\/<\/a><\/p>\n\n\n\n<p><em>\u751f\u6548\u65e5\u671f\uff1a202 \u5e74 1 \u6708 1 \u65e5<\/em>3<\/p>","protected":false},"excerpt":{"rendered":"<p>Site Web : paris-f.com Le but de cette politique de confidentialit\u00e9 Le but de cette politique de confidentialit\u00e9 est d&rsquo;informer les utilisateurs de notre site des donn\u00e9es personnelles que nous recueillerons ainsi que les informations suivantes, le cas \u00e9ch\u00e9ant : Cette politique de confidentialit\u00e9 fonctionne parall\u00e8lement aux conditions g\u00e9n\u00e9rales d\u2019utilisation de notre site. Lois applicables [&hellip;]<\/p>\n","protected":false},"author":1,"featured_media":0,"parent":0,"menu_order":0,"comment_status":"closed","ping_status":"closed","template":"","meta":{"site-sidebar-layout":"default","site-content-layout":"default","ast-site-content-layout":"default","site-content-style":"default","site-sidebar-style":"default","ast-global-header-display":"","ast-banner-title-visibility":"","ast-main-header-display":"","ast-hfb-above-header-display":"","ast-hfb-below-header-display":"","ast-hfb-mobile-header-display":"","site-post-title":"","ast-breadcrumbs-content":"","ast-featured-img":"","footer-sml-layout":"","ast-disable-related-posts":"","theme-transparent-header-meta":"default","adv-header-id-meta":"","stick-header-meta":"","header-above-stick-meta":"","header-main-stick-meta":"","header-below-stick-meta":"","astra-migrate-meta-layouts":"default","ast-page-background-enabled":"default","ast-page-background-meta":{"desktop":{"background-color":"","background-image":"","background-repeat":"repeat","background-position":"center center","background-size":"auto","background-attachment":"scroll","background-type":"","background-media":"","overlay-type":"","overlay-color":"","overlay-opacity":"","overlay-gradient":""},"tablet":{"background-color":"","background-image":"","background-repeat":"repeat","background-position":"center center","background-size":"auto","background-attachment":"scroll","background-type":"","background-media":"","overlay-type":"","overlay-color":"","overlay-opacity":"","overlay-gradient":""},"mobile":{"background-color":"","background-image":"","background-repeat":"repeat","background-position":"center center","background-size":"auto","background-attachment":"scroll","background-type":"","background-media":"","overlay-type":"","overlay-color":"","overlay-opacity":"","overlay-gradient":""}},"ast-content-background-meta":{"desktop":{"background-color":"var(--ast-global-color-5)","background-image":"","background-repeat":"repeat","background-position":"center center","background-size":"auto","background-attachment":"scroll","background-type":"","background-media":"","overlay-type":"","overlay-color":"","overlay-opacity":"","overlay-gradient":""},"tablet":{"background-color":"var(--ast-global-color-5)","background-image":"","background-repeat":"repeat","background-position":"center center","background-size":"auto","background-attachment":"scroll","background-type":"","background-media":"","overlay-type":"","overlay-color":"","overlay-opacity":"","overlay-gradient":""},"mobile":{"background-color":"var(--ast-global-color-5)","background-image":"","background-repeat":"repeat","background-position":"center center","background-size":"auto","background-attachment":"scroll","background-type":"","background-media":"","overlay-type":"","overlay-color":"","overlay-opacity":"","overlay-gradient":""}},"footnotes":""},"class_list":["post-3926","page","type-page","status-publish","hentry"],"_links":{"self":[{"href":"https:\/\/paris-f.com\/zh\/wp-json\/wp\/v2\/pages\/3926","targetHints":{"allow":["GET"]}}],"collection":[{"href":"https:\/\/paris-f.com\/zh\/wp-json\/wp\/v2\/pages"}],"about":[{"href":"https:\/\/paris-f.com\/zh\/wp-json\/wp\/v2\/types\/page"}],"author":[{"embeddable":true,"href":"https:\/\/paris-f.com\/zh\/wp-json\/wp\/v2\/users\/1"}],"replies":[{"embeddable":true,"href":"https:\/\/paris-f.com\/zh\/wp-json\/wp\/v2\/comments?post=3926"}],"version-history":[{"count":4,"href":"https:\/\/paris-f.com\/zh\/wp-json\/wp\/v2\/pages\/3926\/revisions"}],"predecessor-version":[{"id":6387,"href":"https:\/\/paris-f.com\/zh\/wp-json\/wp\/v2\/pages\/3926\/revisions\/6387"}],"wp:attachment":[{"href":"https:\/\/paris-f.com\/zh\/wp-json\/wp\/v2\/media?parent=3926"}],"curies":[{"name":"wp","href":"https:\/\/api.w.org\/{rel}","templated":true}]}}