{"id":6220,"date":"2023-03-23T09:39:42","date_gmt":"2023-03-23T08:39:42","guid":{"rendered":"http:\/\/paris-f.com\/?page_id=6220"},"modified":"2023-04-03T23:34:53","modified_gmt":"2023-04-03T21:34:53","slug":"actualites","status":"publish","type":"page","link":"https:\/\/paris-f.com\/en\/actualites\/","title":{"rendered":"News"},"content":{"rendered":"<div data-elementor-type=\"wp-page\" data-elementor-id=\"6220\" class=\"elementor elementor-6220\">\n\t\t\t\t\t\t<section class=\"elementor-section elementor-top-section elementor-element elementor-element-eb2de44 elementor-section-boxed elementor-section-height-default elementor-section-height-default\" data-id=\"eb2de44\" data-element_type=\"section\" data-e-type=\"section\">\n\t\t\t\t\t\t<div class=\"elementor-container elementor-column-gap-default\">\n\t\t\t\t\t<div class=\"elementor-column elementor-col-100 elementor-top-column elementor-element elementor-element-760bc2d\" data-id=\"760bc2d\" data-element_type=\"column\" data-e-type=\"column\">\n\t\t\t<div class=\"elementor-widget-wrap elementor-element-populated\">\n\t\t\t\t\t\t<div class=\"elementor-element elementor-element-1b23d6d elementor-widget elementor-widget-heading\" data-id=\"1b23d6d\" data-element_type=\"widget\" data-e-type=\"widget\" data-widget_type=\"heading.default\">\n\t\t\t\t<div class=\"elementor-widget-container\">\n\t\t\t\t\t<h1 class=\"elementor-heading-title elementor-size-default\">All the news from the Paris Panthers basketball club<\/h1>\t\t\t\t<\/div>\n\t\t\t\t<\/div>\n\t\t\t\t<div class=\"elementor-element elementor-element-eb003d9 elementor-widget elementor-widget-text-editor\" data-id=\"eb003d9\" data-element_type=\"widget\" data-e-type=\"widget\" data-widget_type=\"text-editor.default\">\n\t\t\t\t<div class=\"elementor-widget-container\">\n\t\t\t\t\t\t\t\t\t<p>Stay informed of all the news and events of the Paris Panthers basketball club. Our news page is updated regularly with interviews, tournament announcements and more. Follow the news of our club to not miss anything that happens at Paris Panthers.<\/p>\t\t\t\t\t\t\t\t<\/div>\n\t\t\t\t<\/div>\n\t\t\t\t<section class=\"elementor-section elementor-inner-section elementor-element elementor-element-5b089df elementor-section-boxed elementor-section-height-default elementor-section-height-default\" data-id=\"5b089df\" data-element_type=\"section\" data-e-type=\"section\">\n\t\t\t\t\t\t<div class=\"elementor-container elementor-column-gap-default\">\n\t\t\t\t\t<div class=\"elementor-column elementor-col-100 elementor-inner-column elementor-element elementor-element-de5dda0\" data-id=\"de5dda0\" data-element_type=\"column\" data-e-type=\"column\">\n\t\t\t<div class=\"elementor-widget-wrap elementor-element-populated\">\n\t\t\t\t\t\t<div class=\"elementor-element elementor-element-b44345e premium-blog-align-left elementor-widget elementor-widget-premium-addon-blog\" data-id=\"b44345e\" data-element_type=\"widget\" data-e-type=\"widget\" data-settings=\"{&quot;premium_blog_columns_number&quot;:&quot;33.33%&quot;,&quot;premium_blog_grid&quot;:&quot;yes&quot;,&quot;premium_blog_layout&quot;:&quot;even&quot;,&quot;premium_blog_columns_number_tablet&quot;:&quot;50%&quot;,&quot;premium_blog_columns_number_mobile&quot;:&quot;100%&quot;}\" data-widget_type=\"premium-addon-blog.default\">\n\t\t\t\t<div class=\"elementor-widget-container\">\n\t\t\t\t\t\n\t\t\n\n\t\t\t\t<div class=\"premium-blog-wrap  premium-blog-even\" data-page=\"6220\">\n\t\t\t\t\t\t\t\t\t<div class=\"premium-blog-post-outer-container\" data-total=\"1\">\n\t\t\t<div class=\"premium-blog-post-container premium-blog-skin-classic\">\n\t\t\t\t\t\t\t\t\t<div class=\"premium-blog-thumb-effect-wrapper\">\n\t\t\t\t\t\t<div class=\"premium-blog-thumbnail-container premium-blog-zoomin-effect\">\n\t\t\t\t\t\t\t<img fetchpriority=\"high\" decoding=\"async\" width=\"1080\" height=\"1920\" src=\"https:\/\/paris-f.com\/wp-content\/uploads\/2024\/01\/IMG_20240126_14081149.jpg\" class=\"attachment-full size-full wp-image-7187\" alt=\"\" srcset=\"https:\/\/paris-f.com\/wp-content\/uploads\/2024\/01\/IMG_20240126_14081149.jpg 1080w, https:\/\/paris-f.com\/wp-content\/uploads\/2024\/01\/IMG_20240126_14081149-169x300.jpg 169w, https:\/\/paris-f.com\/wp-content\/uploads\/2024\/01\/IMG_20240126_14081149-576x1024.jpg 576w, https:\/\/paris-f.com\/wp-content\/uploads\/2024\/01\/IMG_20240126_14081149-768x1365.jpg 768w, https:\/\/paris-f.com\/wp-content\/uploads\/2024\/01\/IMG_20240126_14081149-864x1536.jpg 864w, https:\/\/paris-f.com\/wp-content\/uploads\/2024\/01\/IMG_20240126_14081149-7x12.jpg 7w, https:\/\/paris-f.com\/wp-content\/uploads\/2024\/01\/IMG_20240126_14081149-600x1067.jpg 600w\" sizes=\"(max-width: 1080px) 100vw, 1080px\" \/>\t\t\t\t\t\t<\/div>\n\t\t\t\t\t\t\t\t\t\t\t\t\t<div class=\"premium-blog-thumbnail-overlay\">\n\t\t\t\t\t\t\t\t<a class=\"elementor-icon\" href=\"https:\/\/paris-f.com\/en\/projets\/stages-vacances-de-printemps\/7185\/\" target=\"_self\"><\/a>\n\t\t\t\t\t\t\t<\/div>\n\n\t\t\t\t\t\t\t\t\t\t\t\t\t\t\t\t\t\t<\/div>\n\t\t\t\t\t\t\t\t\t\t\t\t<div class=\"premium-blog-content-wrapper\">\n\n\t\t\t\t\t<div class=\"premium-blog-inner-container\">\n\n\t\t\t\t\t\t\t\t\t\t\t\t\t\t<h3 class=\"premium-blog-entry-title\">\n\t\t\t<a href=\"https:\/\/paris-f.com\/en\/projets\/stages-vacances-de-printemps\/7185\/\" target=\"_self\">\n\t\t\t\tINTERNSHIPS \u2013 Spring Break\t\t\t<\/a>\n\t\t<\/h3>\n\t\t\t\t<div class=\"premium-blog-entry-meta\">\n\t\t\t\n\t\t\t\t\t\t\t<span class=\"premium-blog-meta-separator\">\u2022<\/span>\n\t\t\t\t<div class=\"premium-blog-post-time premium-blog-meta-data\">\n\t\t\t\t\t<i class=\"fa fa-calendar-alt\" aria-hidden=\"true\"><\/i>\n\t\t\t\t\t<span>19 March 2025<\/span>\n\t\t\t\t<\/div>\n\t\t\t\n\t\t\t\t\t\t\t<span class=\"premium-blog-meta-separator\">\u2022<\/span>\n\t\t\t\t<div class=\"premium-blog-post-categories premium-blog-meta-data\">\n\t\t\t\t\t<i class=\"fa fa-align-left fa-fw\" aria-hidden=\"true\"><\/i>\n\t\t\t\t\t<a href=\"https:\/\/paris-f.com\/en\/projets\/\" rel=\"category tag\">Projects<\/a>\t\t\t\t<\/div>\n\t\t\t\n\t\t\t\t\t<\/div>\n\t\t\n\t\t\t\t\t<\/div>\n\n\t\t\t\t\t\t\t<div class=\"premium-blog-content-inner-wrapper\">\n\t\t<p class=\"premium-blog-post-content\">Courses during school holidays The club will run several courses<\/p><div class=\"premium-blog-excerpt-link-wrap\"><a href=\"https:\/\/paris-f.com\/en\/projets\/stages-vacances-de-printemps\/7185\/\" target=\"_self\" class=\"premium-blog-excerpt-link elementor-button\">Read more &quot;<\/a><\/div>\t\t<\/div>\n\t\t\t\t\t\t\t\n\t\t\t\t<\/div>\n\t\t\t<\/div>\n\t\t<\/div>\n\n\t\t\t\t<div class=\"premium-blog-post-outer-container\" data-total=\"1\">\n\t\t\t<div class=\"premium-blog-post-container premium-blog-skin-classic\">\n\t\t\t\t\t\t\t\t\t<div class=\"premium-blog-thumb-effect-wrapper\">\n\t\t\t\t\t\t<div class=\"premium-blog-thumbnail-container premium-blog-zoomin-effect\">\n\t\t\t\t\t\t\t<img decoding=\"async\" width=\"779\" height=\"912\" src=\"https:\/\/paris-f.com\/wp-content\/uploads\/2023\/03\/PROJET-INCLUSION.png\" class=\"attachment-full size-full wp-image-6021\" alt=\"\" srcset=\"https:\/\/paris-f.com\/wp-content\/uploads\/2023\/03\/PROJET-INCLUSION.png 779w, https:\/\/paris-f.com\/wp-content\/uploads\/2023\/03\/PROJET-INCLUSION-256x300.png 256w, https:\/\/paris-f.com\/wp-content\/uploads\/2023\/03\/PROJET-INCLUSION-768x899.png 768w, https:\/\/paris-f.com\/wp-content\/uploads\/2023\/03\/PROJET-INCLUSION-10x12.png 10w, https:\/\/paris-f.com\/wp-content\/uploads\/2023\/03\/PROJET-INCLUSION-109x128.png 109w, https:\/\/paris-f.com\/wp-content\/uploads\/2023\/03\/PROJET-INCLUSION-27x32.png 27w, https:\/\/paris-f.com\/wp-content\/uploads\/2023\/03\/PROJET-INCLUSION-600x702.png 600w\" sizes=\"(max-width: 779px) 100vw, 779px\" \/>\t\t\t\t\t\t<\/div>\n\t\t\t\t\t\t\t\t\t\t\t\t\t<div class=\"premium-blog-thumbnail-overlay\">\n\t\t\t\t\t\t\t\t<a class=\"elementor-icon\" href=\"https:\/\/paris-f.com\/en\/projets\/inclusion-et-partage-basket-pour-tous\/6033\/\" target=\"_self\"><\/a>\n\t\t\t\t\t\t\t<\/div>\n\n\t\t\t\t\t\t\t\t\t\t\t\t\t\t\t\t\t\t<\/div>\n\t\t\t\t\t\t\t\t\t\t\t\t<div class=\"premium-blog-content-wrapper\">\n\n\t\t\t\t\t<div class=\"premium-blog-inner-container\">\n\n\t\t\t\t\t\t\t\t\t\t\t\t\t\t<h3 class=\"premium-blog-entry-title\">\n\t\t\t<a href=\"https:\/\/paris-f.com\/en\/projets\/inclusion-et-partage-basket-pour-tous\/6033\/\" target=\"_self\">\n\t\t\t\tInclusion and sharing: basketball for all\t\t\t<\/a>\n\t\t<\/h3>\n\t\t\t\t<div class=\"premium-blog-entry-meta\">\n\t\t\t\n\t\t\t\t\t\t\t<span class=\"premium-blog-meta-separator\">\u2022<\/span>\n\t\t\t\t<div class=\"premium-blog-post-time premium-blog-meta-data\">\n\t\t\t\t\t<i class=\"fa fa-calendar-alt\" aria-hidden=\"true\"><\/i>\n\t\t\t\t\t<span>19 March 2025<\/span>\n\t\t\t\t<\/div>\n\t\t\t\n\t\t\t\t\t\t\t<span class=\"premium-blog-meta-separator\">\u2022<\/span>\n\t\t\t\t<div class=\"premium-blog-post-categories premium-blog-meta-data\">\n\t\t\t\t\t<i class=\"fa fa-align-left fa-fw\" aria-hidden=\"true\"><\/i>\n\t\t\t\t\t<a href=\"https:\/\/paris-f.com\/en\/projets\/\" rel=\"category tag\">Projects<\/a>\t\t\t\t<\/div>\n\t\t\t\n\t\t\t\t\t<\/div>\n\t\t\n\t\t\t\t\t<\/div>\n\n\t\t\t\t\t\t\t<div class=\"premium-blog-content-inner-wrapper\">\n\t\t<p class=\"premium-blog-post-content\">In a context of emerging from the health crisis which has greatly affected already fragile audiences and in particular young people with disabilities or young girls who are easily removed from sport and aware of the benefits of regular sports practice in a non-specific setting, we would like to develop this inclusive basketball project.<\/p><div class=\"premium-blog-excerpt-link-wrap\"><a href=\"https:\/\/paris-f.com\/en\/projets\/inclusion-et-partage-basket-pour-tous\/6033\/\" target=\"_self\" class=\"premium-blog-excerpt-link elementor-button\">Read more &quot;<\/a><\/div>\t\t<\/div>\n\t\t\t\t\t\t\t\n\t\t\t\t<\/div>\n\t\t\t<\/div>\n\t\t<\/div>\n\n\t\t\t\t<div class=\"premium-blog-post-outer-container\" data-total=\"1\">\n\t\t\t<div class=\"premium-blog-post-container premium-blog-skin-classic\">\n\t\t\t\t\t\t\t\t\t<div class=\"premium-blog-thumb-effect-wrapper\">\n\t\t\t\t\t\t<div class=\"premium-blog-thumbnail-container premium-blog-zoomin-effect\">\n\t\t\t\t\t\t\t<img decoding=\"async\" width=\"1695\" height=\"2163\" src=\"https:\/\/paris-f.com\/wp-content\/uploads\/2023\/03\/PROJET-EDUCATION-PAR-LE-SPORT.png\" class=\"attachment-full size-full wp-image-6020\" alt=\"\" srcset=\"https:\/\/paris-f.com\/wp-content\/uploads\/2023\/03\/PROJET-EDUCATION-PAR-LE-SPORT.png 1695w, https:\/\/paris-f.com\/wp-content\/uploads\/2023\/03\/PROJET-EDUCATION-PAR-LE-SPORT-235x300.png 235w, https:\/\/paris-f.com\/wp-content\/uploads\/2023\/03\/PROJET-EDUCATION-PAR-LE-SPORT-802x1024.png 802w, https:\/\/paris-f.com\/wp-content\/uploads\/2023\/03\/PROJET-EDUCATION-PAR-LE-SPORT-768x980.png 768w, https:\/\/paris-f.com\/wp-content\/uploads\/2023\/03\/PROJET-EDUCATION-PAR-LE-SPORT-1204x1536.png 1204w, https:\/\/paris-f.com\/wp-content\/uploads\/2023\/03\/PROJET-EDUCATION-PAR-LE-SPORT-1605x2048.png 1605w, https:\/\/paris-f.com\/wp-content\/uploads\/2023\/03\/PROJET-EDUCATION-PAR-LE-SPORT-9x12.png 9w, https:\/\/paris-f.com\/wp-content\/uploads\/2023\/03\/PROJET-EDUCATION-PAR-LE-SPORT-100x128.png 100w, https:\/\/paris-f.com\/wp-content\/uploads\/2023\/03\/PROJET-EDUCATION-PAR-LE-SPORT-25x32.png 25w, https:\/\/paris-f.com\/wp-content\/uploads\/2023\/03\/PROJET-EDUCATION-PAR-LE-SPORT-600x766.png 600w\" sizes=\"(max-width: 1695px) 100vw, 1695px\" \/>\t\t\t\t\t\t<\/div>\n\t\t\t\t\t\t\t\t\t\t\t\t\t<div class=\"premium-blog-thumbnail-overlay\">\n\t\t\t\t\t\t\t\t<a class=\"elementor-icon\" href=\"https:\/\/paris-f.com\/en\/projets\/education-par-le-sport\/6025\/\" target=\"_self\"><\/a>\n\t\t\t\t\t\t\t<\/div>\n\n\t\t\t\t\t\t\t\t\t\t\t\t\t\t\t\t\t\t<\/div>\n\t\t\t\t\t\t\t\t\t\t\t\t<div class=\"premium-blog-content-wrapper\">\n\n\t\t\t\t\t<div class=\"premium-blog-inner-container\">\n\n\t\t\t\t\t\t\t\t\t\t\t\t\t\t<h3 class=\"premium-blog-entry-title\">\n\t\t\t<a href=\"https:\/\/paris-f.com\/en\/projets\/education-par-le-sport\/6025\/\" target=\"_self\">\n\t\t\t\tEducation through sport\t\t\t<\/a>\n\t\t<\/h3>\n\t\t\t\t<div class=\"premium-blog-entry-meta\">\n\t\t\t\n\t\t\t\t\t\t\t<span class=\"premium-blog-meta-separator\">\u2022<\/span>\n\t\t\t\t<div class=\"premium-blog-post-time premium-blog-meta-data\">\n\t\t\t\t\t<i class=\"fa fa-calendar-alt\" aria-hidden=\"true\"><\/i>\n\t\t\t\t\t<span>19 March 2025<\/span>\n\t\t\t\t<\/div>\n\t\t\t\n\t\t\t\t\t\t\t<span class=\"premium-blog-meta-separator\">\u2022<\/span>\n\t\t\t\t<div class=\"premium-blog-post-categories premium-blog-meta-data\">\n\t\t\t\t\t<i class=\"fa fa-align-left fa-fw\" aria-hidden=\"true\"><\/i>\n\t\t\t\t\t<a href=\"https:\/\/paris-f.com\/en\/projets\/\" rel=\"category tag\">Projects<\/a>\t\t\t\t<\/div>\n\t\t\t\n\t\t\t\t\t<\/div>\n\t\t\n\t\t\t\t\t<\/div>\n\n\t\t\t\t\t\t\t<div class=\"premium-blog-content-inner-wrapper\">\n\t\t<p class=\"premium-blog-post-content\">This project, developed with the Jean Perrin college (Paris 20) since 2021, in partnership with the City of Paris and Paris 2024, aims to promote living together and social diversity by proposing an action over the duration of a school year at an audience of 15 to 20 middle school students aged 11 to 15, selected by the school.<\/p><div class=\"premium-blog-excerpt-link-wrap\"><a href=\"https:\/\/paris-f.com\/en\/projets\/education-par-le-sport\/6025\/\" target=\"_self\" class=\"premium-blog-excerpt-link elementor-button\">Read more &quot;<\/a><\/div>\t\t<\/div>\n\t\t\t\t\t\t\t\n\t\t\t\t<\/div>\n\t\t\t<\/div>\n\t\t<\/div>\n\n\t\t\t\t<div class=\"premium-blog-post-outer-container\" data-total=\"1\">\n\t\t\t<div class=\"premium-blog-post-container premium-blog-skin-classic\">\n\t\t\t\t\t\t\t\t\t<div class=\"premium-blog-thumb-effect-wrapper\">\n\t\t\t\t\t\t<div class=\"premium-blog-thumbnail-container premium-blog-zoomin-effect\">\n\t\t\t\t\t\t\t<img loading=\"lazy\" decoding=\"async\" width=\"2560\" height=\"1920\" src=\"https:\/\/paris-f.com\/wp-content\/uploads\/2023\/08\/IMG20210109142938-scaled.jpg\" class=\"attachment-full size-full wp-image-7063\" alt=\"\" srcset=\"https:\/\/paris-f.com\/wp-content\/uploads\/2023\/08\/IMG20210109142938-scaled.jpg 2560w, https:\/\/paris-f.com\/wp-content\/uploads\/2023\/08\/IMG20210109142938-300x225.jpg 300w, https:\/\/paris-f.com\/wp-content\/uploads\/2023\/08\/IMG20210109142938-1024x768.jpg 1024w, https:\/\/paris-f.com\/wp-content\/uploads\/2023\/08\/IMG20210109142938-768x576.jpg 768w, https:\/\/paris-f.com\/wp-content\/uploads\/2023\/08\/IMG20210109142938-1536x1152.jpg 1536w, https:\/\/paris-f.com\/wp-content\/uploads\/2023\/08\/IMG20210109142938-2048x1536.jpg 2048w, https:\/\/paris-f.com\/wp-content\/uploads\/2023\/08\/IMG20210109142938-16x12.jpg 16w, https:\/\/paris-f.com\/wp-content\/uploads\/2023\/08\/IMG20210109142938-128x96.jpg 128w, https:\/\/paris-f.com\/wp-content\/uploads\/2023\/08\/IMG20210109142938-32x24.jpg 32w, https:\/\/paris-f.com\/wp-content\/uploads\/2023\/08\/IMG20210109142938-600x450.jpg 600w\" sizes=\"(max-width: 2560px) 100vw, 2560px\" \/>\t\t\t\t\t\t<\/div>\n\t\t\t\t\t\t\t\t\t\t\t\t\t<div class=\"premium-blog-thumbnail-overlay\">\n\t\t\t\t\t\t\t\t<a class=\"elementor-icon\" href=\"https:\/\/paris-f.com\/en\/projets\/saison-2024-2025\/7060\/\" target=\"_self\"><\/a>\n\t\t\t\t\t\t\t<\/div>\n\n\t\t\t\t\t\t\t\t\t\t\t\t\t\t\t\t\t\t<\/div>\n\t\t\t\t\t\t\t\t\t\t\t\t<div class=\"premium-blog-content-wrapper\">\n\n\t\t\t\t\t<div class=\"premium-blog-inner-container\">\n\n\t\t\t\t\t\t\t\t\t\t\t\t\t\t<h3 class=\"premium-blog-entry-title\">\n\t\t\t<a href=\"https:\/\/paris-f.com\/en\/projets\/saison-2024-2025\/7060\/\" target=\"_self\">\n\t\t\t\tSaison 2025\/2026\t\t\t<\/a>\n\t\t<\/h3>\n\t\t\t\t<div class=\"premium-blog-entry-meta\">\n\t\t\t\n\t\t\t\t\t\t\t<span class=\"premium-blog-meta-separator\">\u2022<\/span>\n\t\t\t\t<div class=\"premium-blog-post-time premium-blog-meta-data\">\n\t\t\t\t\t<i class=\"fa fa-calendar-alt\" aria-hidden=\"true\"><\/i>\n\t\t\t\t\t<span>19 March 2025<\/span>\n\t\t\t\t<\/div>\n\t\t\t\n\t\t\t\t\t\t\t<span class=\"premium-blog-meta-separator\">\u2022<\/span>\n\t\t\t\t<div class=\"premium-blog-post-categories premium-blog-meta-data\">\n\t\t\t\t\t<i class=\"fa fa-align-left fa-fw\" aria-hidden=\"true\"><\/i>\n\t\t\t\t\t<a href=\"https:\/\/paris-f.com\/en\/projets\/\" rel=\"category tag\">Projects<\/a>\t\t\t\t<\/div>\n\t\t\t\n\t\t\t\t\t<\/div>\n\t\t\n\t\t\t\t\t<\/div>\n\n\t\t\t\t\t\t\t<div class=\"premium-blog-content-inner-wrapper\">\n\t\t<p class=\"premium-blog-post-content\">Inscriptions pour la saison 2025\/2026 Les inscriptions pour la saison<\/p><div class=\"premium-blog-excerpt-link-wrap\"><a href=\"https:\/\/paris-f.com\/en\/projets\/saison-2024-2025\/7060\/\" target=\"_self\" class=\"premium-blog-excerpt-link elementor-button\">Read more &quot;<\/a><\/div>\t\t<\/div>\n\t\t\t\t\t\t\t\n\t\t\t\t<\/div>\n\t\t\t<\/div>\n\t\t<\/div>\n\n\t\t\t\t\t\t\t<\/div>\n\n\t\t\n\t\t\n\t\t\t\t\t\t<\/div>\n\t\t\t\t<\/div>\n\t\t\t\t\t<\/div>\n\t\t<\/div>\n\t\t\t\t\t<\/div>\n\t\t<\/section>\n\t\t\t\t\t<\/div>\n\t\t<\/div>\n\t\t\t\t\t<\/div>\n\t\t<\/section>\n\t\t\t\t<section class=\"elementor-section elementor-top-section elementor-element elementor-element-3ad126f elementor-section-boxed elementor-section-height-default elementor-section-height-default\" data-id=\"3ad126f\" data-element_type=\"section\" data-e-type=\"section\">\n\t\t\t\t\t\t<div class=\"elementor-container elementor-column-gap-default\">\n\t\t\t\t\t<div class=\"elementor-column elementor-col-100 elementor-top-column elementor-element elementor-element-8097de6\" data-id=\"8097de6\" data-element_type=\"column\" data-e-type=\"column\">\n\t\t\t<div class=\"elementor-widget-wrap\">\n\t\t\t\t\t\t\t<\/div>\n\t\t<\/div>\n\t\t\t\t\t<\/div>\n\t\t<\/section>\n\t\t\t\t<\/div>","protected":false},"excerpt":{"rendered":"<p>Toute l&rsquo;actualit\u00e9 du club de basket-ball Paris Panthers Restez inform\u00e9 de toutes les nouvelles et \u00e9v\u00e9nements du club de basket-ball Paris Panthers. Notre page d&rsquo;actualit\u00e9s est mise \u00e0 jour r\u00e9guli\u00e8rement avec des interviews, des annonces de tournois et bien plus encore. Suivez les actualit\u00e9s de notre club pour ne rien manquer de ce qui se [&hellip;]<\/p>\n","protected":false},"author":1,"featured_media":0,"parent":0,"menu_order":0,"comment_status":"closed","ping_status":"closed","template":"","meta":{"site-sidebar-layout":"no-sidebar","site-content-layout":"page-builder","ast-site-content-layout":"default","site-content-style":"default","site-sidebar-style":"default","ast-global-header-display":"","ast-banner-title-visibility":"","ast-main-header-display":"","ast-hfb-above-header-display":"","ast-hfb-below-header-display":"","ast-hfb-mobile-header-display":"","site-post-title":"disabled","ast-breadcrumbs-content":null,"ast-featured-img":"disabled","footer-sml-layout":"","ast-disable-related-posts":"","theme-transparent-header-meta":"","adv-header-id-meta":null,"stick-header-meta":null,"header-above-stick-meta":null,"header-main-stick-meta":null,"header-below-stick-meta":null,"astra-migrate-meta-layouts":"default","ast-page-background-enabled":"default","ast-page-background-meta":{"desktop":{"background-color":"","background-image":"","background-repeat":"repeat","background-position":"center center","background-size":"auto","background-attachment":"scroll","background-type":"","background-media":"","overlay-type":"","overlay-color":"","overlay-opacity":"","overlay-gradient":""},"tablet":{"background-color":"","background-image":"","background-repeat":"repeat","background-position":"center center","background-size":"auto","background-attachment":"scroll","background-type":"","background-media":"","overlay-type":"","overlay-color":"","overlay-opacity":"","overlay-gradient":""},"mobile":{"background-color":"","background-image":"","background-repeat":"repeat","background-position":"center center","background-size":"auto","background-attachment":"scroll","background-type":"","background-media":"","overlay-type":"","overlay-color":"","overlay-opacity":"","overlay-gradient":""}},"ast-content-background-meta":{"desktop":{"background-color":"var(--ast-global-color-5)","background-image":"","background-repeat":"repeat","background-position":"center center","background-size":"auto","background-attachment":"scroll","background-type":"","background-media":"","overlay-type":"","overlay-color":"","overlay-opacity":"","overlay-gradient":""},"tablet":{"background-color":"var(--ast-global-color-5)","background-image":"","background-repeat":"repeat","background-position":"center center","background-size":"auto","background-attachment":"scroll","background-type":"","background-media":"","overlay-type":"","overlay-color":"","overlay-opacity":"","overlay-gradient":""},"mobile":{"background-color":"var(--ast-global-color-5)","background-image":"","background-repeat":"repeat","background-position":"center center","background-size":"auto","background-attachment":"scroll","background-type":"","background-media":"","overlay-type":"","overlay-color":"","overlay-opacity":"","overlay-gradient":""}},"footnotes":""},"class_list":["post-6220","page","type-page","status-publish","hentry"],"_links":{"self":[{"href":"https:\/\/paris-f.com\/en\/wp-json\/wp\/v2\/pages\/6220","targetHints":{"allow":["GET"]}}],"collection":[{"href":"https:\/\/paris-f.com\/en\/wp-json\/wp\/v2\/pages"}],"about":[{"href":"https:\/\/paris-f.com\/en\/wp-json\/wp\/v2\/types\/page"}],"author":[{"embeddable":true,"href":"https:\/\/paris-f.com\/en\/wp-json\/wp\/v2\/users\/1"}],"replies":[{"embeddable":true,"href":"https:\/\/paris-f.com\/en\/wp-json\/wp\/v2\/comments?post=6220"}],"version-history":[{"count":15,"href":"https:\/\/paris-f.com\/en\/wp-json\/wp\/v2\/pages\/6220\/revisions"}],"predecessor-version":[{"id":6836,"href":"https:\/\/paris-f.com\/en\/wp-json\/wp\/v2\/pages\/6220\/revisions\/6836"}],"wp:attachment":[{"href":"https:\/\/paris-f.com\/en\/wp-json\/wp\/v2\/media?parent=6220"}],"curies":[{"name":"wp","href":"https:\/\/api.w.org\/{rel}","templated":true}]}}