{"id":5467,"date":"2022-12-16T17:49:24","date_gmt":"2022-12-16T16:49:24","guid":{"rendered":"http:\/\/paris-f.com\/?page_id=5467"},"modified":"2025-03-20T12:33:48","modified_gmt":"2025-03-20T11:33:48","slug":"les-projets","status":"publish","type":"page","link":"https:\/\/paris-f.com\/en\/les-projets\/","title":{"rendered":"Projects"},"content":{"rendered":"<div data-elementor-type=\"wp-page\" data-elementor-id=\"5467\" class=\"elementor elementor-5467\">\n\t\t\t\t\t\t<section class=\"elementor-section elementor-top-section elementor-element elementor-element-7362a063 elementor-section-boxed elementor-section-height-default elementor-section-height-default\" data-id=\"7362a063\" data-element_type=\"section\" data-e-type=\"section\" data-settings=\"{&quot;background_background&quot;:&quot;classic&quot;}\">\n\t\t\t\t\t\t\t<div class=\"elementor-background-overlay\"><\/div>\n\t\t\t\t\t\t\t<div class=\"elementor-container elementor-column-gap-default\">\n\t\t\t\t\t<div class=\"elementor-column elementor-col-100 elementor-top-column elementor-element elementor-element-5c640af2\" data-id=\"5c640af2\" data-element_type=\"column\" data-e-type=\"column\">\n\t\t\t<div class=\"elementor-widget-wrap elementor-element-populated\">\n\t\t\t\t\t\t<section class=\"elementor-section elementor-inner-section elementor-element elementor-element-fe621cc elementor-section-boxed elementor-section-height-default elementor-section-height-default\" data-id=\"fe621cc\" data-element_type=\"section\" data-e-type=\"section\">\n\t\t\t\t\t\t<div class=\"elementor-container elementor-column-gap-default\">\n\t\t\t\t\t<div class=\"elementor-column elementor-col-50 elementor-inner-column elementor-element elementor-element-78318eb5\" data-id=\"78318eb5\" data-element_type=\"column\" data-e-type=\"column\">\n\t\t\t<div class=\"elementor-widget-wrap elementor-element-populated\">\n\t\t\t\t\t\t<div class=\"elementor-element elementor-element-2cdcbbd3 elementor-widget-divider--view-line elementor-widget elementor-widget-divider\" data-id=\"2cdcbbd3\" data-element_type=\"widget\" data-e-type=\"widget\" data-widget_type=\"divider.default\">\n\t\t\t\t<div class=\"elementor-widget-container\">\n\t\t\t\t\t\t\t<div class=\"elementor-divider\">\n\t\t\t<span class=\"elementor-divider-separator\">\n\t\t\t\t\t\t<\/span>\n\t\t<\/div>\n\t\t\t\t\t\t<\/div>\n\t\t\t\t<\/div>\n\t\t\t\t\t<\/div>\n\t\t<\/div>\n\t\t\t\t<div class=\"elementor-column elementor-col-50 elementor-inner-column elementor-element elementor-element-3e0b1332\" data-id=\"3e0b1332\" data-element_type=\"column\" data-e-type=\"column\">\n\t\t\t<div class=\"elementor-widget-wrap elementor-element-populated\">\n\t\t\t\t\t\t<div class=\"elementor-element elementor-element-48340d94 elementor-widget elementor-widget-heading\" data-id=\"48340d94\" data-element_type=\"widget\" data-e-type=\"widget\" data-widget_type=\"heading.default\">\n\t\t\t\t<div class=\"elementor-widget-container\">\n\t\t\t\t\t<span class=\"elementor-heading-title elementor-size-default\">Discover<\/span>\t\t\t\t<\/div>\n\t\t\t\t<\/div>\n\t\t\t\t\t<\/div>\n\t\t<\/div>\n\t\t\t\t\t<\/div>\n\t\t<\/section>\n\t\t\t\t<div class=\"elementor-element elementor-element-63a8091e elementor-widget elementor-widget-heading\" data-id=\"63a8091e\" data-element_type=\"widget\" data-e-type=\"widget\" data-widget_type=\"heading.default\">\n\t\t\t\t<div class=\"elementor-widget-container\">\n\t\t\t\t\t<h1 class=\"elementor-heading-title elementor-size-default\">Projects<\/h1>\t\t\t\t<\/div>\n\t\t\t\t<\/div>\n\t\t\t\t\t<\/div>\n\t\t<\/div>\n\t\t\t\t\t<\/div>\n\t\t<\/section>\n\t\t\t\t<section class=\"elementor-section elementor-top-section elementor-element elementor-element-a63e83c elementor-section-boxed elementor-section-height-default elementor-section-height-default\" data-id=\"a63e83c\" data-element_type=\"section\" data-e-type=\"section\">\n\t\t\t\t\t\t<div class=\"elementor-container elementor-column-gap-default\">\n\t\t\t\t\t<div class=\"elementor-column elementor-col-100 elementor-top-column elementor-element elementor-element-4f089a4\" data-id=\"4f089a4\" data-element_type=\"column\" data-e-type=\"column\">\n\t\t\t<div class=\"elementor-widget-wrap elementor-element-populated\">\n\t\t\t\t\t\t<section class=\"elementor-section elementor-inner-section elementor-element elementor-element-c84daa7 elementor-section-boxed elementor-section-height-default elementor-section-height-default\" data-id=\"c84daa7\" data-element_type=\"section\" data-e-type=\"section\">\n\t\t\t\t\t\t<div class=\"elementor-container elementor-column-gap-default\">\n\t\t\t\t\t<div class=\"elementor-column elementor-col-50 elementor-inner-column elementor-element elementor-element-c286bac\" data-id=\"c286bac\" data-element_type=\"column\" data-e-type=\"column\">\n\t\t\t<div class=\"elementor-widget-wrap elementor-element-populated\">\n\t\t\t\t\t\t<div class=\"elementor-element elementor-element-ab27bb6 elementor-widget elementor-widget-image\" data-id=\"ab27bb6\" data-element_type=\"widget\" data-e-type=\"widget\" data-widget_type=\"image.default\">\n\t\t\t\t<div class=\"elementor-widget-container\">\n\t\t\t\t\t\t\t\t\t\t\t\t\t\t\t\t<a href=\"http:\/\/paris-f.com\/en\/projets\/education-par-le-sport\/6025\/\">\n\t\t\t\t\t\t\t<img fetchpriority=\"high\" decoding=\"async\" width=\"802\" height=\"1024\" src=\"https:\/\/paris-f.com\/wp-content\/uploads\/2023\/03\/PROJET-EDUCATION-PAR-LE-SPORT-802x1024.png\" class=\"attachment-large size-large wp-image-6020\" alt=\"\" srcset=\"https:\/\/paris-f.com\/wp-content\/uploads\/2023\/03\/PROJET-EDUCATION-PAR-LE-SPORT-802x1024.png 802w, https:\/\/paris-f.com\/wp-content\/uploads\/2023\/03\/PROJET-EDUCATION-PAR-LE-SPORT-235x300.png 235w, https:\/\/paris-f.com\/wp-content\/uploads\/2023\/03\/PROJET-EDUCATION-PAR-LE-SPORT-768x980.png 768w, https:\/\/paris-f.com\/wp-content\/uploads\/2023\/03\/PROJET-EDUCATION-PAR-LE-SPORT-1204x1536.png 1204w, https:\/\/paris-f.com\/wp-content\/uploads\/2023\/03\/PROJET-EDUCATION-PAR-LE-SPORT-1605x2048.png 1605w, https:\/\/paris-f.com\/wp-content\/uploads\/2023\/03\/PROJET-EDUCATION-PAR-LE-SPORT-9x12.png 9w, https:\/\/paris-f.com\/wp-content\/uploads\/2023\/03\/PROJET-EDUCATION-PAR-LE-SPORT-100x128.png 100w, https:\/\/paris-f.com\/wp-content\/uploads\/2023\/03\/PROJET-EDUCATION-PAR-LE-SPORT-25x32.png 25w, https:\/\/paris-f.com\/wp-content\/uploads\/2023\/03\/PROJET-EDUCATION-PAR-LE-SPORT-600x766.png 600w, https:\/\/paris-f.com\/wp-content\/uploads\/2023\/03\/PROJET-EDUCATION-PAR-LE-SPORT.png 1695w\" sizes=\"(max-width: 802px) 100vw, 802px\" \/>\t\t\t\t\t\t\t\t<\/a>\n\t\t\t\t\t\t\t\t\t\t\t\t\t\t\t<\/div>\n\t\t\t\t<\/div>\n\t\t\t\t<div class=\"elementor-element elementor-element-12a2cd0 elementor-widget elementor-widget-heading\" data-id=\"12a2cd0\" data-element_type=\"widget\" data-e-type=\"widget\" data-widget_type=\"heading.default\">\n\t\t\t\t<div class=\"elementor-widget-container\">\n\t\t\t\t\t<h2 class=\"elementor-heading-title elementor-size-default\"><a href=\"http:\/\/paris-f.com\/en\/projets\/education-par-le-sport\/6025\/\">Education through sport<\/a><\/h2>\t\t\t\t<\/div>\n\t\t\t\t<\/div>\n\t\t\t\t<div class=\"elementor-element elementor-element-cc5fe99 elementor-widget elementor-widget-text-editor\" data-id=\"cc5fe99\" data-element_type=\"widget\" data-e-type=\"widget\" data-widget_type=\"text-editor.default\">\n\t\t\t\t<div class=\"elementor-widget-container\">\n\t\t\t\t\t\t\t\t\t<p>Ce projet a d\u00e9velopp\u00e9 avec le coll\u00e8ge Jean Perrin (Paris 20) entre 2021 et 2023, en partenariat avec la Ville de Paris et Paris 2024, et vise a\u0300 favoriser le vivre ensemble et la mixite\u0301 sociale en proposant une action sur la dur\u00e9e d&rsquo;une ann\u00e9e scolaire a\u0300 un public de 15 \u00e0 20 coll\u00e9giens de 11 a\u0300 15 ans, s\u00e9lectionn\u00e9s par l\u2019\u00e9tablissement scolaire. Nous souhaitons relancer le projet \u00e0 la rentr\u00e9e 2025\/2026.<\/p>\t\t\t\t\t\t\t\t<\/div>\n\t\t\t\t<\/div>\n\t\t\t\t<div class=\"elementor-element elementor-element-c7a31f0 elementor-align-center elementor-widget elementor-widget-button\" data-id=\"c7a31f0\" data-element_type=\"widget\" data-e-type=\"widget\" data-widget_type=\"button.default\">\n\t\t\t\t<div class=\"elementor-widget-container\">\n\t\t\t\t\t\t\t\t\t<div class=\"elementor-button-wrapper\">\n\t\t\t\t\t<a class=\"elementor-button elementor-button-link elementor-size-sm\" href=\"http:\/\/paris-f.com\/en\/projets\/education-par-le-sport\/6025\/\">\n\t\t\t\t\t\t<span class=\"elementor-button-content-wrapper\">\n\t\t\t\t\t\t\t\t\t<span class=\"elementor-button-text\">Learn more<\/span>\n\t\t\t\t\t<\/span>\n\t\t\t\t\t<\/a>\n\t\t\t\t<\/div>\n\t\t\t\t\t\t\t\t<\/div>\n\t\t\t\t<\/div>\n\t\t\t\t\t<\/div>\n\t\t<\/div>\n\t\t\t\t<div class=\"elementor-column elementor-col-50 elementor-inner-column elementor-element elementor-element-8b27085\" data-id=\"8b27085\" data-element_type=\"column\" data-e-type=\"column\">\n\t\t\t<div class=\"elementor-widget-wrap elementor-element-populated\">\n\t\t\t\t\t\t<div class=\"elementor-element elementor-element-4f59e1b elementor-widget elementor-widget-image\" data-id=\"4f59e1b\" data-element_type=\"widget\" data-e-type=\"widget\" data-widget_type=\"image.default\">\n\t\t\t\t<div class=\"elementor-widget-container\">\n\t\t\t\t\t\t\t\t\t\t\t\t\t\t\t\t<a href=\"http:\/\/paris-f.com\/en\/projets\/inclusion-et-partage-basket-pour-tous\/6033\/\">\n\t\t\t\t\t\t\t<img decoding=\"async\" width=\"779\" height=\"912\" src=\"https:\/\/paris-f.com\/wp-content\/uploads\/2023\/03\/PROJET-INCLUSION.png\" class=\"attachment-large size-large wp-image-6021\" alt=\"\" srcset=\"https:\/\/paris-f.com\/wp-content\/uploads\/2023\/03\/PROJET-INCLUSION.png 779w, https:\/\/paris-f.com\/wp-content\/uploads\/2023\/03\/PROJET-INCLUSION-256x300.png 256w, https:\/\/paris-f.com\/wp-content\/uploads\/2023\/03\/PROJET-INCLUSION-768x899.png 768w, https:\/\/paris-f.com\/wp-content\/uploads\/2023\/03\/PROJET-INCLUSION-10x12.png 10w, https:\/\/paris-f.com\/wp-content\/uploads\/2023\/03\/PROJET-INCLUSION-109x128.png 109w, https:\/\/paris-f.com\/wp-content\/uploads\/2023\/03\/PROJET-INCLUSION-27x32.png 27w, https:\/\/paris-f.com\/wp-content\/uploads\/2023\/03\/PROJET-INCLUSION-600x702.png 600w\" sizes=\"(max-width: 779px) 100vw, 779px\" \/>\t\t\t\t\t\t\t\t<\/a>\n\t\t\t\t\t\t\t\t\t\t\t\t\t\t\t<\/div>\n\t\t\t\t<\/div>\n\t\t\t\t<div class=\"elementor-element elementor-element-2bf6e09 elementor-widget elementor-widget-heading\" data-id=\"2bf6e09\" data-element_type=\"widget\" data-e-type=\"widget\" data-widget_type=\"heading.default\">\n\t\t\t\t<div class=\"elementor-widget-container\">\n\t\t\t\t\t<h2 class=\"elementor-heading-title elementor-size-default\"><a href=\"http:\/\/paris-f.com\/en\/projets\/inclusion-et-partage-basket-pour-tous\/6033\/\">Inclusion and sharing: basketball for all<\/a><\/h2>\t\t\t\t<\/div>\n\t\t\t\t<\/div>\n\t\t\t\t<div class=\"elementor-element elementor-element-8cdfb2b elementor-widget elementor-widget-text-editor\" data-id=\"8cdfb2b\" data-element_type=\"widget\" data-e-type=\"widget\" data-widget_type=\"text-editor.default\">\n\t\t\t\t<div class=\"elementor-widget-container\">\n\t\t\t\t\t\t\t\t\t<p>\u00a0Conscients des bienfaits d&rsquo;une pratique sportive r\u00e9guli\u00e8re dans un cadre non sp\u00e9cifique, nous d\u00e9veloppons ce projet de basket-ball inclusif \u00e0 destination des jeunes en situation de handicap (TSA, TDA\/H, &#8230;), porteurs de maladies chroniques invalidantes mais aussi des jeunes filles qui peuvent se retrouver facilement isol\u00e9es de la pratique sportive.<\/p>\t\t\t\t\t\t\t\t<\/div>\n\t\t\t\t<\/div>\n\t\t\t\t<div class=\"elementor-element elementor-element-ca5282f elementor-align-center elementor-widget elementor-widget-button\" data-id=\"ca5282f\" data-element_type=\"widget\" data-e-type=\"widget\" data-widget_type=\"button.default\">\n\t\t\t\t<div class=\"elementor-widget-container\">\n\t\t\t\t\t\t\t\t\t<div class=\"elementor-button-wrapper\">\n\t\t\t\t\t<a class=\"elementor-button elementor-button-link elementor-size-sm\" href=\"http:\/\/paris-f.com\/en\/projets\/inclusion-et-partage-basket-pour-tous\/6033\/\">\n\t\t\t\t\t\t<span class=\"elementor-button-content-wrapper\">\n\t\t\t\t\t\t\t\t\t<span class=\"elementor-button-text\">Learn more<\/span>\n\t\t\t\t\t<\/span>\n\t\t\t\t\t<\/a>\n\t\t\t\t<\/div>\n\t\t\t\t\t\t\t\t<\/div>\n\t\t\t\t<\/div>\n\t\t\t\t\t<\/div>\n\t\t<\/div>\n\t\t\t\t\t<\/div>\n\t\t<\/section>\n\t\t\t\t\t<\/div>\n\t\t<\/div>\n\t\t\t\t\t<\/div>\n\t\t<\/section>\n\t\t\t\t<\/div>","protected":false},"excerpt":{"rendered":"<p>D\u00e9couvrez Les projets \u00c9ducation par le sport Ce projet a d\u00e9velopp\u00e9 avec le coll\u00e8ge Jean Perrin (Paris 20) entre 2021 et 2023, en partenariat avec la Ville de Paris et Paris 2024, et vise a\u0300 favoriser le vivre ensemble et la mixite\u0301 sociale en proposant une action sur la dur\u00e9e d&rsquo;une ann\u00e9e scolaire a\u0300 un [&hellip;]<\/p>\n","protected":false},"author":1,"featured_media":0,"parent":0,"menu_order":0,"comment_status":"closed","ping_status":"closed","template":"","meta":{"site-sidebar-layout":"no-sidebar","site-content-layout":"page-builder","ast-site-content-layout":"default","site-content-style":"default","site-sidebar-style":"default","ast-global-header-display":"","ast-banner-title-visibility":"","ast-main-header-display":"","ast-hfb-above-header-display":"","ast-hfb-below-header-display":"","ast-hfb-mobile-header-display":"","site-post-title":"disabled","ast-breadcrumbs-content":null,"ast-featured-img":"disabled","footer-sml-layout":"","ast-disable-related-posts":"","theme-transparent-header-meta":"","adv-header-id-meta":null,"stick-header-meta":null,"header-above-stick-meta":null,"header-main-stick-meta":null,"header-below-stick-meta":null,"astra-migrate-meta-layouts":"default","ast-page-background-enabled":"default","ast-page-background-meta":{"desktop":{"background-color":"","background-image":"","background-repeat":"repeat","background-position":"center center","background-size":"auto","background-attachment":"scroll","background-type":"","background-media":"","overlay-type":"","overlay-color":"","overlay-opacity":"","overlay-gradient":""},"tablet":{"background-color":"","background-image":"","background-repeat":"repeat","background-position":"center center","background-size":"auto","background-attachment":"scroll","background-type":"","background-media":"","overlay-type":"","overlay-color":"","overlay-opacity":"","overlay-gradient":""},"mobile":{"background-color":"","background-image":"","background-repeat":"repeat","background-position":"center center","background-size":"auto","background-attachment":"scroll","background-type":"","background-media":"","overlay-type":"","overlay-color":"","overlay-opacity":"","overlay-gradient":""}},"ast-content-background-meta":{"desktop":{"background-color":"var(--ast-global-color-5)","background-image":"","background-repeat":"repeat","background-position":"center center","background-size":"auto","background-attachment":"scroll","background-type":"","background-media":"","overlay-type":"","overlay-color":"","overlay-opacity":"","overlay-gradient":""},"tablet":{"background-color":"var(--ast-global-color-5)","background-image":"","background-repeat":"repeat","background-position":"center center","background-size":"auto","background-attachment":"scroll","background-type":"","background-media":"","overlay-type":"","overlay-color":"","overlay-opacity":"","overlay-gradient":""},"mobile":{"background-color":"var(--ast-global-color-5)","background-image":"","background-repeat":"repeat","background-position":"center center","background-size":"auto","background-attachment":"scroll","background-type":"","background-media":"","overlay-type":"","overlay-color":"","overlay-opacity":"","overlay-gradient":""}},"footnotes":""},"class_list":["post-5467","page","type-page","status-publish","hentry"],"_links":{"self":[{"href":"https:\/\/paris-f.com\/en\/wp-json\/wp\/v2\/pages\/5467","targetHints":{"allow":["GET"]}}],"collection":[{"href":"https:\/\/paris-f.com\/en\/wp-json\/wp\/v2\/pages"}],"about":[{"href":"https:\/\/paris-f.com\/en\/wp-json\/wp\/v2\/types\/page"}],"author":[{"embeddable":true,"href":"https:\/\/paris-f.com\/en\/wp-json\/wp\/v2\/users\/1"}],"replies":[{"embeddable":true,"href":"https:\/\/paris-f.com\/en\/wp-json\/wp\/v2\/comments?post=5467"}],"version-history":[{"count":20,"href":"https:\/\/paris-f.com\/en\/wp-json\/wp\/v2\/pages\/5467\/revisions"}],"predecessor-version":[{"id":7490,"href":"https:\/\/paris-f.com\/en\/wp-json\/wp\/v2\/pages\/5467\/revisions\/7490"}],"wp:attachment":[{"href":"https:\/\/paris-f.com\/en\/wp-json\/wp\/v2\/media?parent=5467"}],"curies":[{"name":"wp","href":"https:\/\/api.w.org\/{rel}","templated":true}]}}