{"id":5132,"date":"2022-12-12T11:46:44","date_gmt":"2022-12-12T10:46:44","guid":{"rendered":"http:\/\/paris-f.com\/?page_id=5132"},"modified":"2025-02-12T13:49:49","modified_gmt":"2025-02-12T12:49:49","slug":"club","status":"publish","type":"page","link":"https:\/\/paris-f.com\/en\/club\/","title":{"rendered":"The club"},"content":{"rendered":"\t\t<div data-elementor-type=\"wp-page\" data-elementor-id=\"5132\" class=\"elementor elementor-5132\">\n\t\t\t\t\t\t<section class=\"elementor-section elementor-top-section elementor-element elementor-element-483979a9 elementor-section-boxed elementor-section-height-default elementor-section-height-default\" data-id=\"483979a9\" data-element_type=\"section\" data-e-type=\"section\" data-settings=\"{&quot;background_background&quot;:&quot;classic&quot;}\">\n\t\t\t\t\t\t\t<div class=\"elementor-background-overlay\"><\/div>\n\t\t\t\t\t\t\t<div class=\"elementor-container elementor-column-gap-default\">\n\t\t\t\t\t<div class=\"elementor-column elementor-col-100 elementor-top-column elementor-element elementor-element-222161e4\" data-id=\"222161e4\" data-element_type=\"column\" data-e-type=\"column\">\n\t\t\t<div class=\"elementor-widget-wrap elementor-element-populated\">\n\t\t\t\t\t\t<section class=\"elementor-section elementor-inner-section elementor-element elementor-element-46a61158 elementor-section-boxed elementor-section-height-default elementor-section-height-default\" data-id=\"46a61158\" data-element_type=\"section\" data-e-type=\"section\">\n\t\t\t\t\t\t<div class=\"elementor-container elementor-column-gap-default\">\n\t\t\t\t\t<div class=\"elementor-column elementor-col-50 elementor-inner-column elementor-element elementor-element-3c260972\" data-id=\"3c260972\" data-element_type=\"column\" data-e-type=\"column\">\n\t\t\t<div class=\"elementor-widget-wrap elementor-element-populated\">\n\t\t\t\t\t\t<div class=\"elementor-element elementor-element-49fe7b34 elementor-widget-divider--view-line elementor-widget elementor-widget-divider\" data-id=\"49fe7b34\" data-element_type=\"widget\" data-e-type=\"widget\" data-widget_type=\"divider.default\">\n\t\t\t\t<div class=\"elementor-widget-container\">\n\t\t\t\t\t\t\t<div class=\"elementor-divider\">\n\t\t\t<span class=\"elementor-divider-separator\">\n\t\t\t\t\t\t<\/span>\n\t\t<\/div>\n\t\t\t\t\t\t<\/div>\n\t\t\t\t<\/div>\n\t\t\t\t\t<\/div>\n\t\t<\/div>\n\t\t\t\t<div class=\"elementor-column elementor-col-50 elementor-inner-column elementor-element elementor-element-67800b1c\" data-id=\"67800b1c\" data-element_type=\"column\" data-e-type=\"column\">\n\t\t\t<div class=\"elementor-widget-wrap elementor-element-populated\">\n\t\t\t\t\t\t<div class=\"elementor-element elementor-element-4e2abc7b elementor-widget elementor-widget-heading\" data-id=\"4e2abc7b\" data-element_type=\"widget\" data-e-type=\"widget\" data-widget_type=\"heading.default\">\n\t\t\t\t<div class=\"elementor-widget-container\">\n\t\t\t\t\t<span class=\"elementor-heading-title elementor-size-default\">D\u00e9couvrez<\/span>\t\t\t\t<\/div>\n\t\t\t\t<\/div>\n\t\t\t\t\t<\/div>\n\t\t<\/div>\n\t\t\t\t\t<\/div>\n\t\t<\/section>\n\t\t\t\t<div class=\"elementor-element elementor-element-3a6fbc2c elementor-widget elementor-widget-heading\" data-id=\"3a6fbc2c\" data-element_type=\"widget\" data-e-type=\"widget\" data-widget_type=\"heading.default\">\n\t\t\t\t<div class=\"elementor-widget-container\">\n\t\t\t\t\t<h1 class=\"elementor-heading-title elementor-size-default\">Le Club<\/h1>\t\t\t\t<\/div>\n\t\t\t\t<\/div>\n\t\t\t\t\t<\/div>\n\t\t<\/div>\n\t\t\t\t\t<\/div>\n\t\t<\/section>\n\t\t\t\t<section class=\"elementor-section elementor-top-section elementor-element elementor-element-15c410e6 elementor-section-content-middle elementor-section-boxed elementor-section-height-default elementor-section-height-default\" data-id=\"15c410e6\" data-element_type=\"section\" data-e-type=\"section\" data-settings=\"{&quot;background_background&quot;:&quot;classic&quot;}\">\n\t\t\t\t\t\t<div class=\"elementor-container elementor-column-gap-no\">\n\t\t\t\t\t<div class=\"elementor-column elementor-col-50 elementor-top-column elementor-element elementor-element-36dfcedb\" data-id=\"36dfcedb\" data-element_type=\"column\" data-e-type=\"column\">\n\t\t\t<div class=\"elementor-widget-wrap elementor-element-populated\">\n\t\t\t\t\t\t<div class=\"elementor-element elementor-element-3511ce4 elementor-widget elementor-widget-heading\" data-id=\"3511ce4\" data-element_type=\"widget\" data-e-type=\"widget\" data-widget_type=\"heading.default\">\n\t\t\t\t<div class=\"elementor-widget-container\">\n\t\t\t\t\t<h2 class=\"elementor-heading-title elementor-size-default\">Pr\u00e9sentation<\/h2>\t\t\t\t<\/div>\n\t\t\t\t<\/div>\n\t\t\t\t<div class=\"elementor-element elementor-element-af64b15 elementor-widget elementor-widget-text-editor\" data-id=\"af64b15\" data-element_type=\"widget\" data-e-type=\"widget\" data-widget_type=\"text-editor.default\">\n\t\t\t\t<div class=\"elementor-widget-container\">\n\t\t\t\t\t\t\t\t\t<p>Le Basket Ball est un sport de plus en plus populaire, pratiqu\u00e9 par plus de 500 millions de personnes \u00e0 travers le monde.<\/p><p>PARIS, c&rsquo;est une vision innovante du Basket. C&rsquo;est une structure qui fait la part belle \u00e0 la formation, qui tisse des partenariats avec les institutions publiques et priv\u00e9es, qui mobilise les acteurs de la vie locale.<\/p><p>\u200bC&rsquo;est une communaut\u00e9 d&rsquo;experts qui collaborent pour r\u00e9pondre aux besoins dans ce sport, pour cr\u00e9er du lien social, de la croissance \u00e9conomique entre les diff\u00e9rents acteurs, et pour am\u00e9liorer la vie des populations.<\/p><p>PARIS, c\u2019est un encadrement de qualit\u00e9 pour les jeunes \u00e0 partir de 5 ans qui souhaitent pratiquer le basket en loisir ou en comp\u00e9tition.<\/p><p>\u200bC&rsquo;est aussi une \u00e9quipe Seniors masculine qui \u00e9volue en championnat r\u00e9gional, et un vrai d\u00e9tecteur de talents !<\/p><p>PARIS f\u00eatera ses 20 ans d&rsquo;existence en septembre 2025.<\/p><p>L&rsquo;association est reconnue \u00ab\u00a0organisme d&rsquo;int\u00e9r\u00eat g\u00e9n\u00e9ral\u00a0\u00bb au sens des articles 200-1-b et 238 bis -1-a du CGI (Code G\u00e9n\u00e9ral des Imp\u00f4ts).<\/p>\t\t\t\t\t\t\t\t<\/div>\n\t\t\t\t<\/div>\n\t\t\t\t<div class=\"elementor-element elementor-element-ae1fb67 elementor-align-left elementor-widget elementor-widget-button\" data-id=\"ae1fb67\" data-element_type=\"widget\" data-e-type=\"widget\" data-widget_type=\"button.default\">\n\t\t\t\t<div class=\"elementor-widget-container\">\n\t\t\t\t\t\t\t\t\t<div class=\"elementor-button-wrapper\">\n\t\t\t\t\t<a class=\"elementor-button elementor-button-link elementor-size-sm\" href=\"https:\/\/paris-f.com\/faire-un-don\/\">\n\t\t\t\t\t\t<span class=\"elementor-button-content-wrapper\">\n\t\t\t\t\t\t\t\t\t<span class=\"elementor-button-text\">Faire un don<\/span>\n\t\t\t\t\t<\/span>\n\t\t\t\t\t<\/a>\n\t\t\t\t<\/div>\n\t\t\t\t\t\t\t\t<\/div>\n\t\t\t\t<\/div>\n\t\t\t\t\t<\/div>\n\t\t<\/div>\n\t\t\t\t<div class=\"elementor-column elementor-col-50 elementor-top-column elementor-element elementor-element-da6d74b\" data-id=\"da6d74b\" data-element_type=\"column\" data-e-type=\"column\" data-settings=\"{&quot;background_slideshow_gallery&quot;:[{&quot;id&quot;:7464,&quot;url&quot;:&quot;https:\\\/\\\/paris-f.com\\\/wp-content\\\/uploads\\\/2025\\\/01\\\/IMG_5748-scaled.jpeg&quot;},{&quot;id&quot;:5871,&quot;url&quot;:&quot;https:\\\/\\\/paris-f.com\\\/wp-content\\\/uploads\\\/2023\\\/03\\\/CARROUSEL-PRESENTATION-DU-CLUB-9-scaled.jpg&quot;},{&quot;id&quot;:7463,&quot;url&quot;:&quot;https:\\\/\\\/paris-f.com\\\/wp-content\\\/uploads\\\/2025\\\/01\\\/20241019_192903-2.jpg&quot;},{&quot;id&quot;:5880,&quot;url&quot;:&quot;https:\\\/\\\/paris-f.com\\\/wp-content\\\/uploads\\\/2023\\\/03\\\/CARROUSEL-PRESENTATION-DU-CLUB-2-scaled.jpg&quot;},{&quot;id&quot;:7462,&quot;url&quot;:&quot;https:\\\/\\\/paris-f.com\\\/wp-content\\\/uploads\\\/2025\\\/01\\\/Capture-decran-2024-12-05-a-11.23.27.png&quot;},{&quot;id&quot;:5877,&quot;url&quot;:&quot;https:\\\/\\\/paris-f.com\\\/wp-content\\\/uploads\\\/2023\\\/03\\\/CARROUSEL-PRESENTATION-DU-CLUB-5.png&quot;},{&quot;id&quot;:5872,&quot;url&quot;:&quot;https:\\\/\\\/paris-f.com\\\/wp-content\\\/uploads\\\/2023\\\/03\\\/CARROUSEL-PRESENTATION-DU-CLUB-8-scaled.jpg&quot;},{&quot;id&quot;:6314,&quot;url&quot;:&quot;https:\\\/\\\/paris-f.com\\\/wp-content\\\/uploads\\\/2023\\\/03\\\/ADHESION.jpg&quot;},{&quot;id&quot;:7107,&quot;url&quot;:&quot;https:\\\/\\\/paris-f.com\\\/wp-content\\\/uploads\\\/2023\\\/09\\\/IMG-20230917-WA0000.jpg&quot;}],&quot;background_background&quot;:&quot;slideshow&quot;,&quot;background_slideshow_loop&quot;:&quot;yes&quot;,&quot;background_slideshow_slide_duration&quot;:5000,&quot;background_slideshow_slide_transition&quot;:&quot;fade&quot;,&quot;background_slideshow_transition_duration&quot;:500}\">\n\t\t\t<div class=\"elementor-widget-wrap elementor-element-populated\">\n\t\t\t\t\t\t<div class=\"elementor-element elementor-element-d412378 elementor-widget elementor-widget-spacer\" data-id=\"d412378\" data-element_type=\"widget\" data-e-type=\"widget\" data-widget_type=\"spacer.default\">\n\t\t\t\t<div class=\"elementor-widget-container\">\n\t\t\t\t\t\t\t<div class=\"elementor-spacer\">\n\t\t\t<div class=\"elementor-spacer-inner\"><\/div>\n\t\t<\/div>\n\t\t\t\t\t\t<\/div>\n\t\t\t\t<\/div>\n\t\t\t\t\t<\/div>\n\t\t<\/div>\n\t\t\t\t\t<\/div>\n\t\t<\/section>\n\t\t\t\t<section class=\"elementor-section elementor-top-section elementor-element elementor-element-4f15050 elementor-section-boxed elementor-section-height-default elementor-section-height-default\" data-id=\"4f15050\" data-element_type=\"section\" data-e-type=\"section\">\n\t\t\t\t\t\t<div class=\"elementor-container elementor-column-gap-default\">\n\t\t\t\t\t<div class=\"elementor-column elementor-col-100 elementor-top-column elementor-element elementor-element-958199b\" data-id=\"958199b\" data-element_type=\"column\" data-e-type=\"column\" data-settings=\"{&quot;background_background&quot;:&quot;classic&quot;}\">\n\t\t\t<div class=\"elementor-widget-wrap elementor-element-populated\">\n\t\t\t\t\t\t<div class=\"elementor-element elementor-element-c6bfc53 elementor-widget elementor-widget-heading\" data-id=\"c6bfc53\" data-element_type=\"widget\" data-e-type=\"widget\" data-widget_type=\"heading.default\">\n\t\t\t\t<div class=\"elementor-widget-container\">\n\t\t\t\t\t<h2 class=\"elementor-heading-title elementor-size-default\">Notre projet sportif<\/h2>\t\t\t\t<\/div>\n\t\t\t\t<\/div>\n\t\t\t\t<div class=\"elementor-element elementor-element-c0e4f48 elementor-widget elementor-widget-text-editor\" data-id=\"c0e4f48\" data-element_type=\"widget\" data-e-type=\"widget\" data-widget_type=\"text-editor.default\">\n\t\t\t\t<div class=\"elementor-widget-container\">\n\t\t\t\t\t\t\t\t\t<div id=\"TheTexte\" class=\"Texte\" lang=\"zxx\"><p>P.A.R.I.S. porte un projet sportif fort qui s\u2019ancre avant tout dans une ambition soci\u00e9tale.<br \/>Notre club a en effet pour objectif de d\u00e9velopper son activit\u00e9 d\u2019initiation au basket-ball \u00e0 destination des jeunes parisiens, dans les zones les plus demandeuses de ce genre d\u2019initiatives, notamment la bordure p\u00e9riph\u00e9rique du 20\u00e8me arrondissement.\u00a0<\/p><p>L\u2019\u00e9quipe Seniors NM3 de P.A.R.I.S. \u00e9volue en championnat de France. Le club accorde une grande importance \u00e0 la r\u00e9ussite sportive de ses \u00e9quipes engag\u00e9es en comp\u00e9tition, met l\u2019accent sur la formation et organise tout au long de l\u2019ann\u00e9e des stages de perfectionnement, et pendant l\u2019\u00e9t\u00e9, des d\u00e9tections et une pr\u00e9paration physique Juniors \/ Seniors en amont de la saison sportive.<\/p><p>Il souhaite \u00e9galement proposer des stages de basket-ball gratuits ouverts \u00e0 tous les jeunes des arrondissements dans lesquels son activit\u00e9 est implant\u00e9e sur les p\u00e9riodes des vacances scolaires.<\/p><p>Afin de favoriser le sentiment d\u2019appartenance au club et toujours dans l\u2019optique de promouvoir l\u2019esprit d\u2019\u00e9quipe, le club propose \u00e0 chaque adh\u00e9rent, quelque soit son \u00e2ge, d\u2019obtenir un \u00e9quipement personnalis\u00e9 (maillot + short).<\/p><\/div>\t\t\t\t\t\t\t\t<\/div>\n\t\t\t\t<\/div>\n\t\t\t\t\t<\/div>\n\t\t<\/div>\n\t\t\t\t\t<\/div>\n\t\t<\/section>\n\t\t\t\t<\/div>\n\t\t","protected":false},"excerpt":{"rendered":"<p>D\u00e9couvrez Le Club Pr\u00e9sentation Le Basket Ball est un sport de plus en plus populaire, pratiqu\u00e9 par plus de 500 millions de personnes \u00e0 travers le monde. PARIS, c&rsquo;est une vision innovante du Basket. C&rsquo;est une structure qui fait la part belle \u00e0 la formation, qui tisse des partenariats avec les institutions publiques et priv\u00e9es, [&hellip;]<\/p>\n","protected":false},"author":1,"featured_media":0,"parent":0,"menu_order":0,"comment_status":"closed","ping_status":"closed","template":"","meta":{"site-sidebar-layout":"no-sidebar","site-content-layout":"page-builder","ast-site-content-layout":"default","site-content-style":"default","site-sidebar-style":"default","ast-global-header-display":"","ast-banner-title-visibility":"","ast-main-header-display":"","ast-hfb-above-header-display":"","ast-hfb-below-header-display":"","ast-hfb-mobile-header-display":"","site-post-title":"disabled","ast-breadcrumbs-content":null,"ast-featured-img":"disabled","footer-sml-layout":"","ast-disable-related-posts":"","theme-transparent-header-meta":"","adv-header-id-meta":null,"stick-header-meta":null,"header-above-stick-meta":null,"header-main-stick-meta":null,"header-below-stick-meta":null,"astra-migrate-meta-layouts":"default","ast-page-background-enabled":"default","ast-page-background-meta":{"desktop":{"background-color":"","background-image":"","background-repeat":"repeat","background-position":"center center","background-size":"auto","background-attachment":"scroll","background-type":"","background-media":"","overlay-type":"","overlay-color":"","overlay-opacity":"","overlay-gradient":""},"tablet":{"background-color":"","background-image":"","background-repeat":"repeat","background-position":"center center","background-size":"auto","background-attachment":"scroll","background-type":"","background-media":"","overlay-type":"","overlay-color":"","overlay-opacity":"","overlay-gradient":""},"mobile":{"background-color":"","background-image":"","background-repeat":"repeat","background-position":"center center","background-size":"auto","background-attachment":"scroll","background-type":"","background-media":"","overlay-type":"","overlay-color":"","overlay-opacity":"","overlay-gradient":""}},"ast-content-background-meta":{"desktop":{"background-color":"var(--ast-global-color-5)","background-image":"","background-repeat":"repeat","background-position":"center center","background-size":"auto","background-attachment":"scroll","background-type":"","background-media":"","overlay-type":"","overlay-color":"","overlay-opacity":"","overlay-gradient":""},"tablet":{"background-color":"var(--ast-global-color-5)","background-image":"","background-repeat":"repeat","background-position":"center center","background-size":"auto","background-attachment":"scroll","background-type":"","background-media":"","overlay-type":"","overlay-color":"","overlay-opacity":"","overlay-gradient":""},"mobile":{"background-color":"var(--ast-global-color-5)","background-image":"","background-repeat":"repeat","background-position":"center center","background-size":"auto","background-attachment":"scroll","background-type":"","background-media":"","overlay-type":"","overlay-color":"","overlay-opacity":"","overlay-gradient":""}},"footnotes":""},"class_list":["post-5132","page","type-page","status-publish","hentry"],"_links":{"self":[{"href":"https:\/\/paris-f.com\/en\/wp-json\/wp\/v2\/pages\/5132","targetHints":{"allow":["GET"]}}],"collection":[{"href":"https:\/\/paris-f.com\/en\/wp-json\/wp\/v2\/pages"}],"about":[{"href":"https:\/\/paris-f.com\/en\/wp-json\/wp\/v2\/types\/page"}],"author":[{"embeddable":true,"href":"https:\/\/paris-f.com\/en\/wp-json\/wp\/v2\/users\/1"}],"replies":[{"embeddable":true,"href":"https:\/\/paris-f.com\/en\/wp-json\/wp\/v2\/comments?post=5132"}],"version-history":[{"count":40,"href":"https:\/\/paris-f.com\/en\/wp-json\/wp\/v2\/pages\/5132\/revisions"}],"predecessor-version":[{"id":7476,"href":"https:\/\/paris-f.com\/en\/wp-json\/wp\/v2\/pages\/5132\/revisions\/7476"}],"wp:attachment":[{"href":"https:\/\/paris-f.com\/en\/wp-json\/wp\/v2\/media?parent=5132"}],"curies":[{"name":"wp","href":"https:\/\/api.w.org\/{rel}","templated":true}]}}