{"id":3930,"date":"2021-01-04T17:31:25","date_gmt":"2021-01-04T16:31:25","guid":{"rendered":"http:\/\/paris-f.com\/?page_id=3930"},"modified":"2023-03-30T12:00:25","modified_gmt":"2023-03-30T10:00:25","slug":"mentions-legales","status":"publish","type":"page","link":"https:\/\/paris-f.com\/en\/mentions-legales\/","title":{"rendered":"Legal Notice"},"content":{"rendered":"<p>In accordance with the provisions of Articles 6-III and 19 of Law No. 2004-575 of June 21, 2004 on Confidence in the Digital Economy, known as LCEN, we bring to the attention of users and visitors to the site: paris-f. com the following information:<\/p>\n\n\n\n<h2 class=\"wp-block-heading\">Legal information :<\/h2>\n\n\n\n<p>The paris-f.com website is the exclusive property of&nbsp;<strong>PARIS<\/strong>, who publishes it.<\/p>\n\n\n\n<p>PARIS<br>Association law of 1901<br>18 rue Ramus, MVAC20 \u2013 Box 83, Paris 75020<br>Organization of general interest within the meaning of articles 200-1-b and 238 bis-1-a of the General Tax Code.<\/p>\n\n\n\n<p>Email address :&nbsp;<strong>info@paris-f.com<\/strong><br>Phone :&nbsp;<strong>+33 <\/strong>6 15 59 59 34<br>&nbsp;<br>Director of publication: FLORENCE STIEVENART<br>Contact the publication manager:&nbsp;<strong>info@paris-f.com<\/strong><\/p>\n\n\n\n<p>The site is hosted by OVH 2 rue Kellermann 59100 Roubaix<\/p>","protected":false},"excerpt":{"rendered":"<p>Conform\u00e9ment aux dispositions des articles 6-III et 19 de la Loi n\u00b0 2004-575 du 21 juin 2004 pour la Confiance dans l&rsquo;\u00e9conomie num\u00e9rique, dite L.C.E.N., nous portons \u00e0 la connaissance des utilisateurs et visiteurs du site : paris-f.com les informations suivantes : Informations l\u00e9gales : Le site&nbsp;paris-f.com&nbsp;est la propri\u00e9t\u00e9 exclusive de&nbsp;P.A.R.I.S, qui l\u2019\u00e9dite. P.A.R.I.SAssociation loi [&hellip;]<\/p>\n","protected":false},"author":1,"featured_media":0,"parent":0,"menu_order":0,"comment_status":"closed","ping_status":"closed","template":"","meta":{"site-sidebar-layout":"default","site-content-layout":"default","ast-site-content-layout":"default","site-content-style":"default","site-sidebar-style":"default","ast-global-header-display":"","ast-banner-title-visibility":"","ast-main-header-display":"","ast-hfb-above-header-display":"","ast-hfb-below-header-display":"","ast-hfb-mobile-header-display":"","site-post-title":"","ast-breadcrumbs-content":"","ast-featured-img":"","footer-sml-layout":"","ast-disable-related-posts":"","theme-transparent-header-meta":"default","adv-header-id-meta":"","stick-header-meta":"","header-above-stick-meta":"","header-main-stick-meta":"","header-below-stick-meta":"","astra-migrate-meta-layouts":"default","ast-page-background-enabled":"default","ast-page-background-meta":{"desktop":{"background-color":"","background-image":"","background-repeat":"repeat","background-position":"center center","background-size":"auto","background-attachment":"scroll","background-type":"","background-media":"","overlay-type":"","overlay-color":"","overlay-opacity":"","overlay-gradient":""},"tablet":{"background-color":"","background-image":"","background-repeat":"repeat","background-position":"center center","background-size":"auto","background-attachment":"scroll","background-type":"","background-media":"","overlay-type":"","overlay-color":"","overlay-opacity":"","overlay-gradient":""},"mobile":{"background-color":"","background-image":"","background-repeat":"repeat","background-position":"center center","background-size":"auto","background-attachment":"scroll","background-type":"","background-media":"","overlay-type":"","overlay-color":"","overlay-opacity":"","overlay-gradient":""}},"ast-content-background-meta":{"desktop":{"background-color":"var(--ast-global-color-5)","background-image":"","background-repeat":"repeat","background-position":"center center","background-size":"auto","background-attachment":"scroll","background-type":"","background-media":"","overlay-type":"","overlay-color":"","overlay-opacity":"","overlay-gradient":""},"tablet":{"background-color":"var(--ast-global-color-5)","background-image":"","background-repeat":"repeat","background-position":"center center","background-size":"auto","background-attachment":"scroll","background-type":"","background-media":"","overlay-type":"","overlay-color":"","overlay-opacity":"","overlay-gradient":""},"mobile":{"background-color":"var(--ast-global-color-5)","background-image":"","background-repeat":"repeat","background-position":"center center","background-size":"auto","background-attachment":"scroll","background-type":"","background-media":"","overlay-type":"","overlay-color":"","overlay-opacity":"","overlay-gradient":""}},"footnotes":""},"class_list":["post-3930","page","type-page","status-publish","hentry"],"_links":{"self":[{"href":"https:\/\/paris-f.com\/en\/wp-json\/wp\/v2\/pages\/3930","targetHints":{"allow":["GET"]}}],"collection":[{"href":"https:\/\/paris-f.com\/en\/wp-json\/wp\/v2\/pages"}],"about":[{"href":"https:\/\/paris-f.com\/en\/wp-json\/wp\/v2\/types\/page"}],"author":[{"embeddable":true,"href":"https:\/\/paris-f.com\/en\/wp-json\/wp\/v2\/users\/1"}],"replies":[{"embeddable":true,"href":"https:\/\/paris-f.com\/en\/wp-json\/wp\/v2\/comments?post=3930"}],"version-history":[{"count":8,"href":"https:\/\/paris-f.com\/en\/wp-json\/wp\/v2\/pages\/3930\/revisions"}],"predecessor-version":[{"id":6690,"href":"https:\/\/paris-f.com\/en\/wp-json\/wp\/v2\/pages\/3930\/revisions\/6690"}],"wp:attachment":[{"href":"https:\/\/paris-f.com\/en\/wp-json\/wp\/v2\/media?parent=3930"}],"curies":[{"name":"wp","href":"https:\/\/api.w.org\/{rel}","templated":true}]}}